{"id":1016,"date":"2021-09-25T12:05:32","date_gmt":"2021-09-25T10:05:32","guid":{"rendered":"https:\/\/www.htlw10.at\/edu\/?page_id=1016"},"modified":"2025-12-10T12:54:44","modified_gmt":"2025-12-10T11:54:44","slug":"elternverein","status":"publish","type":"page","link":"https:\/\/www.htlwien10.at\/edu\/index.php\/elternverein\/","title":{"rendered":"Elternverein"},"content":{"rendered":"\n<h2 class=\"wp-block-heading\">Termine und Aktuelles &#8211; Schuljahr 2025\/26<\/h2>\n\n\n\n<div class=\"wp-block-columns is-layout-flex wp-container-3\">\n<div class=\"wp-block-column is-layout-flow\" style=\"flex-basis:33.33%\">\n<figure class=\"wp-block-image size-full\"><img fetchpriority=\"high\" decoding=\"async\" width=\"270\" height=\"188\" src=\"https:\/\/www.htlwien10.at\/edu\/wp-content\/uploads\/2021\/09\/ev_logo.png\" alt=\"\" class=\"wp-image-1022\"\/><\/figure>\n<\/div>\n\n\n\n<div class=\"wp-block-column is-layout-flow\" style=\"flex-basis:66.66%\">\n<div class=\"wp-block-file\"><a id=\"wp-block-file--media-f1688131-54e1-4500-b0ae-5612f7b67dc1\" href=\"https:\/\/www.htlwien10.at\/edu\/wp-content\/uploads\/2025\/11\/Einladung-74.-Generalversammlung_2025-11-06-aktualisiert.pdf\" target=\"_blank\" rel=\"noreferrer noopener\">Einladung_74_Generalversammlung_20251106v3<\/a><\/div>\n\n\n\n<div class=\"wp-block-file\"><a id=\"wp-block-file--media-417d80cc-30d4-4ae2-a3cf-1230a080c2b3\" href=\"https:\/\/www.htlwien10.at\/edu\/wp-content\/uploads\/2025\/10\/Rundschreiben_Eltern_01_202526_20250908_v2.pdf\" target=\"_blank\" rel=\"noreferrer noopener\">Rundschreiben_Eltern_01_202526_20250908_v2<\/a><\/div>\n\n\n\n<div class=\"wp-block-file\"><a id=\"wp-block-file--media-525a329c-b842-4cf0-b139-5c072202f9a6\" href=\"https:\/\/www.htlwien10.at\/edu\/wp-content\/uploads\/2021\/10\/Formular_EV_Unterstuetzungsansuchen_SJ_2021_22.pdf\" target=\"_blank\" rel=\"noreferrer noopener\">Formular EV Unterst\u00fctzungsansuchen<\/a><\/div>\n\n\n\n<h2 class=\"wp-block-heading\">Protokolle<\/h2>\n\n\n\n<div class=\"wp-block-file\"><a id=\"wp-block-file--media-417d80cc-30d4-4ae2-a3cf-1230a080c2b3\" href=\"https:\/\/www.htlwien10.at\/edu\/wp-content\/uploads\/2025\/11\/74-GV-vom-06-11-2025.pdf\" target=\"_blank\" rel=\"noreferrer noopener\">74. Generalversammlung_06112025_Protokoll<\/a><\/div>\n\n\n\n<div class=\"wp-block-file\"><a id=\"wp-block-file--media-0354c7e3-0797-41dd-9956-7fb916a1b7ef\" href=\"https:\/\/www.htlwien10.at\/edu\/wp-content\/uploads\/2025\/11\/2025_1-Vorstandssitzung-vom-01-10-2025.pdf\" target=\"_blank\" rel=\"noreferrer noopener\">20252026_1.Vorstandssitzung_01102025_Protokoll<\/a><\/div>\n\n\n\n<div class=\"wp-block-file\"><a id=\"wp-block-file--media-0354c7e3-0797-41dd-9956-7fb916a1b7ef\" href=\"https:\/\/www.htlwien10.at\/edu\/wp-content\/uploads\/2025\/11\/20242025_3_Vorstandssitzung_20032025.pdf\" target=\"_blank\" rel=\"noreferrer noopener\">20242025_3.Vorstandssitzung_20032025_Protokoll<\/a><\/div>\n\n\n\n<div class=\"wp-block-file\"><a id=\"wp-block-file--media-ab34c64c-2e08-4d08-9a03-ef108a2c74ff\" href=\"https:\/\/www.htlwien10.at\/edu\/wp-content\/uploads\/2025\/11\/Vereinsregisterauszug_202501061852.pdf\" target=\"_blank\" rel=\"noreferrer noopener\">Vereinsregisterauszug 2025<\/a><\/div>\n<\/div>\n<\/div>\n\n\n\n<h2 class=\"wp-block-heading\">Elternverein &#8211; Vorstand<\/h2>\n\n\n\n<div class=\"wp-block-columns is-layout-flex wp-container-6\">\n<div class=\"wp-block-column is-layout-flow\">\n<figure class=\"wp-block-table is-style-regular\"><table class=\"has-fixed-layout\"><tbody><tr><td>Vorsitzender:<\/td><td>Martin BELLAK<\/td><\/tr><tr><td>Kassier:<\/td><td>DI Gebhard KRACHER<\/td><\/tr><tr><td>Schriftf\u00fchrer:<\/td><td>Ing. Mag. Marc SINZINGER<\/td><\/tr><tr><td>Rechnungspr\u00fcferin:<\/td><td>Fatih TASKIRAN<\/td><\/tr><\/tbody><\/table><\/figure>\n<\/div>\n\n\n\n<div class=\"wp-block-column is-layout-flow\">\n<figure class=\"wp-block-table is-style-regular\"><table class=\"has-fixed-layout\"><tbody><tr><td>Vorsitzender-Stellvertreterin:<\/td><td>Romana RECH<\/td><\/tr><tr><td>Kassier-Stellvertreter:<\/td><td>Helmut SASSE<\/td><\/tr><tr><td>Schriftf\u00fchrer-Stellvertreterin:  <\/td><td>Dalila ISIC<\/td><\/tr><tr><td>Rechnungspr\u00fcfer:<\/td><td>Emanuel SCHERR<\/td><\/tr><\/tbody><\/table><\/figure>\n<\/div>\n<\/div>\n\n\n\n<h2 class=\"wp-block-heading\">Kontakt<\/h2>\n\n\n\n<p>Wenn Sie Kontakt mit den Vorstandsmitgliedern aufnehmen wollen, ben\u00fctzen Sie die folgende Email-Adresse:<br>elternverein[at]htlwien10.at<\/p>\n\n\n\n<h2 class=\"wp-block-heading\">Elternverein &#8211; Informationen<\/h2>\n\n\n\n<div class=\"wp-block-columns is-layout-flex wp-container-8\">\n<div class=\"wp-block-column is-layout-flow\">\n<h3 class=\"wp-block-heading\">Wie ist der Elternverein aufgebaut?<\/h3>\n\n\n\n<p>In den Statuten unseres Elternvereins ist festgelegt, dass er<\/p>\n\n\n\n<ul>\n<li>gemeinn\u00fctzig,<\/li>\n\n\n\n<li>\u00fcberparteilich und<\/li>\n\n\n\n<li>konfessionell nicht gebunden ist.<\/li>\n<\/ul>\n\n\n\n<p>Ziel ist die Wahrung der Elterninteressen hinsichtlich der schulischen Bildung und Erziehung.<\/p>\n\n\n\n<p>Die Organe des Elternvereins sind:<\/p>\n\n\n\n<ul>\n<li>der Vorstand<\/li>\n\n\n\n<li>der Ausschuss (bestehend aus allen Klassenelternvertretern) und<\/li>\n\n\n\n<li>die Generalversammlung aller Elternvereinsmitglieder.<\/li>\n<\/ul>\n<\/div>\n<\/div>\n\n\n\n<h3 class=\"wp-block-heading\">Aufgaben des Schulgemeinschaftsausschusses (SGA)<\/h3>\n\n\n\n<p>Durch die Teilnahme an der Schulpartnerschaft (SGA = Schulgemeinschaftsausschuss, bestehend aus je 3 Vertretern der Sch\u00fcler, Eltern und Lehrer), k\u00f6nnen wir z.B. beim Festlegen von schulfreien Tagen oder schulautonome Lehrplan\u00e4nderungen mitbestimmen.<\/p>\n\n\n\n<h3 class=\"wp-block-heading\">Welche Aufgaben kann der Elternverein erf\u00fcllen?<\/h3>\n\n\n\n<p>Zur F\u00f6rderung von Zusatzqualifikationen f\u00fcr die Sch\u00fcler finanzieren wir z.B. Rhetorik-Seminare, Stapler-Kurse und Sprachwochen mit.<\/p>\n\n\n\n<p>Um m\u00f6glichst vielen Sch\u00fcler\/innen die Teilnehme an Schulveranstaltungen zu erm\u00f6glichen, werden wir auf Antrag finanzielle Unterst\u00fctzung leisten (z.B.: Sportwochen)<\/p>\n\n\n\n<p><a href=\"https:\/\/www.htlwien10.at\/edu\/wp-content\/uploads\/2021\/10\/Formular_EV_Unterstuetzungsansuchen_SJ_2021_22.pdf\">Formular_EV_Unterstuetzungsansuchen<\/a><\/p>\n\n\n\n<h3 class=\"wp-block-heading\">Wie k\u00f6nnen Sie als Eltern zur Arbeit des Elternvereins beitragen?<\/h3>\n\n\n\n<p>Als Klassenelternvertreter*in haben Sie die M\u00f6glichkeit:<\/p>\n\n\n\n<ul>\n<li>Neuigkeiten aus der Schule zu erfahren<\/li>\n\n\n\n<li>Anregungen, den Schulalltag betreffend, einzubringen<\/li>\n\n\n\n<li>Erfahrungen auszutauschen<\/li>\n\n\n\n<li>An Abstimmungen, die Schule betreffener Themen, teilzunehmen<br>(F\u00f6rderung bed\u00fcrftiger Sch\u00fcler_innen bei Sport- u. sprachwochen, Projektf\u00f6rderungen, usw.)<\/li>\n<\/ul>\n\n\n\n<h3 class=\"wp-block-heading\">Finanzen<\/h3>\n\n\n\n<p>Der Mitgliedsbeitrag betr\u00e4gt je Schuljahr \u20ac 45,- pro Sch\u00fcler*in.<\/p>\n\n\n\n<p>Der Elternvereinsbeitrag muss bereits ab dem ersten Schuljahr eingezahlt werden, ansonsten wird nicht gef\u00f6rdert.<\/p>\n\n\n\n<p>Bei mehreren schulbesuchenden Kindern einer Familie ist der Teilungsschl\u00fcssel nur dann g\u00fcltig, wenn diese Kinder alle an der HTL Wien 10 die Schule besuchen, ansonsten ist der volle Elternvereinsbeitrag einzubezahlen<\/p>\n\n\n\n<ul>\n<li>bei einem Kind EUR 45,-<\/li>\n\n\n\n<li>bei zwei Kindern an der Schule je EUR 22,50<\/li>\n<\/ul>\n\n\n\n<p>Bei der Einzahlung muss der Name und die Klasse des\/r Sch\u00fclers \/ der Sch\u00fclerin angeben sein, ansonsten kann der Nachweis der Einzahlung nicht \u00fcberpr\u00fcft werden<\/p>\n\n\n\n<p>Elternverein der HTL Wien 10<br>Konto-Nummer: 84850154000<br>Bankleitzahl: 12111 (Erste Bank der oesterreichischen Sparkassen AG)<br>IBAN: AT542011184850154000<br>BIC: GIBAATWWXXX<\/p>\n","protected":false},"excerpt":{"rendered":"<p>Termine und Aktuelles &#8211; Schuljahr 2025\/26 Protokolle Elternverein &#8211; Vorstand Vorsitzender: Martin BELLAK Kassier: DI Gebhard KRACHER Schriftf\u00fchrer: Ing. Mag. Marc SINZINGER Rechnungspr\u00fcferin: Fatih TASKIRAN Vorsitzender-Stellvertreterin: Romana RECH Kassier-Stellvertreter: Helmut SASSE Schriftf\u00fchrer-Stellvertreterin: Dalila ISIC Rechnungspr\u00fcfer: Emanuel SCHERR Kontakt Wenn Sie Kontakt mit den Vorstandsmitgliedern aufnehmen wollen, ben\u00fctzen Sie die folgende Email-Adresse:elternverein[at]htlwien10.at Elternverein &#8211; Informationen Wie [&hellip;]<\/p>\n","protected":false},"author":2,"featured_media":0,"parent":0,"menu_order":0,"comment_status":"closed","ping_status":"closed","template":"","meta":[],"_links":{"self":[{"href":"https:\/\/www.htlwien10.at\/edu\/index.php\/wp-json\/wp\/v2\/pages\/1016"}],"collection":[{"href":"https:\/\/www.htlwien10.at\/edu\/index.php\/wp-json\/wp\/v2\/pages"}],"about":[{"href":"https:\/\/www.htlwien10.at\/edu\/index.php\/wp-json\/wp\/v2\/types\/page"}],"author":[{"embeddable":true,"href":"https:\/\/www.htlwien10.at\/edu\/index.php\/wp-json\/wp\/v2\/users\/2"}],"replies":[{"embeddable":true,"href":"https:\/\/www.htlwien10.at\/edu\/index.php\/wp-json\/wp\/v2\/comments?post=1016"}],"version-history":[{"count":61,"href":"https:\/\/www.htlwien10.at\/edu\/index.php\/wp-json\/wp\/v2\/pages\/1016\/revisions"}],"predecessor-version":[{"id":22901,"href":"https:\/\/www.htlwien10.at\/edu\/index.php\/wp-json\/wp\/v2\/pages\/1016\/revisions\/22901"}],"wp:attachment":[{"href":"https:\/\/www.htlwien10.at\/edu\/index.php\/wp-json\/wp\/v2\/media?parent=1016"}],"curies":[{"name":"wp","href":"https:\/\/api.w.org\/{rel}","templated":true}]}}