{"id":10804,"date":"2022-07-02T20:36:12","date_gmt":"2022-07-02T18:36:12","guid":{"rendered":"https:\/\/www.htlwien10.at\/edu\/?page_id=10804"},"modified":"2025-10-22T18:51:38","modified_gmt":"2025-10-22T16:51:38","slug":"anmeldung-ab-14","status":"publish","type":"page","link":"https:\/\/www.htlwien10.at\/edu\/index.php\/anmeldung-ab-14\/","title":{"rendered":"Anmeldung"},"content":{"rendered":"<div data-colibri-id=\"10804-c1\" class=\"style-2683 style-local-10804-c1 position-relative\">\n  <!---->\n  <div data-colibri-component=\"section\" data-colibri-id=\"10804-c2\" id=\"custom-2\" class=\"h-section h-section-global-spacing d-flex align-items-lg-center align-items-md-center align-items-center style-2692 style-local-10804-c2 position-relative\">\n    <!---->\n    <!---->\n    <div class=\"h-section-grid-container h-section-fluid-container\">\n      <!---->\n      <div data-colibri-id=\"10804-c3\" class=\"h-row-container gutters-row-lg-2 gutters-row-md-2 gutters-row-0 gutters-row-v-lg-2 gutters-row-v-md-2 gutters-row-v-2 style-2705 style-local-10804-c3 position-relative\">\n        <!---->\n        <div class=\"h-row justify-content-lg-center justify-content-md-center justify-content-center align-items-lg-stretch align-items-md-stretch align-items-stretch gutters-col-lg-2 gutters-col-md-2 gutters-col-0 gutters-col-v-lg-2 gutters-col-v-md-2 gutters-col-v-2\">\n          <!---->\n          <div class=\"h-column h-column-container d-flex h-col-lg-auto h-col-md-auto h-col-auto style-2706-outer style-local-10804-c4-outer\">\n            <div data-colibri-id=\"10804-c4\" class=\"d-flex h-flex-basis h-column__inner h-px-lg-2 h-px-md-2 h-px-2 v-inner-lg-2 v-inner-md-2 v-inner-2 style-2706 style-local-10804-c4 position-relative\">\n              <!---->\n              <!---->\n              <div class=\"w-100 h-y-container h-column__content h-column__v-align flex-basis-100 align-self-lg-start align-self-md-start align-self-start\">\n                <!---->\n                <div data-colibri-id=\"10804-c5\" class=\"h-global-transition-all h-heading style-2708 style-local-10804-c5 position-relative h-element\">\n                  <!---->\n                  <div class=\"h-heading__outer style-2708 style-local-10804-c5\">\n                    <!---->\n                    <!---->\n                    <h2 class=\"\">Anmeldung f\u00fcr Fachschule und H\u00f6here Lehranstalt<\/h2>\n                  <\/div>\n                <\/div>\n              <\/div>\n            <\/div>\n          <\/div>\n        <\/div>\n      <\/div>\n      <div data-colibri-id=\"10804-c6\" class=\"h-row-container gutters-row-lg-2 gutters-row-md-2 gutters-row-0 gutters-row-v-lg-2 gutters-row-v-md-2 gutters-row-v-2 style-2783 style-local-10804-c6 position-relative\">\n        <!---->\n        <div class=\"h-row justify-content-lg-center justify-content-md-center justify-content-center align-items-lg-stretch align-items-md-stretch align-items-stretch gutters-col-lg-2 gutters-col-md-2 gutters-col-0 gutters-col-v-lg-2 gutters-col-v-md-2 gutters-col-v-2\">\n          <!---->\n          <div class=\"h-column h-column-container d-flex h-col-lg-auto h-col-md-auto h-col-auto style-2784-outer style-local-10804-c7-outer\">\n            <div data-colibri-id=\"10804-c7\" class=\"d-flex h-flex-basis h-column__inner h-px-lg-2 h-px-md-2 h-px-2 v-inner-lg-2 v-inner-md-2 v-inner-2 style-2784 style-local-10804-c7 position-relative\">\n              <!---->\n              <!---->\n              <div class=\"w-100 h-y-container h-column__content h-column__v-align flex-basis-100 align-self-lg-start align-self-md-start align-self-start\">\n                <!---->\n                <div data-colibri-id=\"10804-c8\" class=\"h-text h-text-component style-2786 style-local-10804-c8 position-relative h-element\">\n                  <!---->\n                  <!---->\n                  <div class=\"\">\n                    <p><span style=\"font-weight: 300;\">Die <\/span><span style=\"font-weight: 600;\">Anmeldung&nbsp;<\/span>f\u00fcr das n\u00e4chste Schuljahr ist online hier <span style=\"font-weight: 600;\">ab 3. November 2025 <\/span>m\u00f6glich.\n                      <br><span style=\"font-weight: 300;\">Die Schulnachricht in Original und Kopie muss nach dem Ende des Wintersemesters pers\u00f6nlich abgegeben werden.<br><\/span><\/p>\n                  <\/div>\n                <\/div>\n              <\/div>\n            <\/div>\n          <\/div>\n        <\/div>\n      <\/div>\n      <div data-colibri-id=\"10804-c9\" class=\"h-row-container gutters-row-lg-2 gutters-row-md-2 gutters-row-0 gutters-row-v-lg-2 gutters-row-v-md-2 gutters-row-v-2 style-2816 style-local-10804-c9 position-relative\">\n        <!---->\n        <div class=\"h-row justify-content-lg-center justify-content-md-center justify-content-center align-items-lg-stretch align-items-md-stretch align-items-stretch gutters-col-lg-2 gutters-col-md-2 gutters-col-0 gutters-col-v-lg-2 gutters-col-v-md-2 gutters-col-v-2\">\n          <!---->\n          <div class=\"h-column h-column-container d-flex h-col-lg-auto h-col-md-auto h-col-auto style-2817-outer style-local-10804-c10-outer\">\n            <div data-colibri-id=\"10804-c10\" class=\"d-flex h-flex-basis h-column__inner h-px-lg-2 h-px-md-2 h-px-2 v-inner-lg-2 v-inner-md-2 v-inner-2 style-2817 style-local-10804-c10 position-relative\">\n              <!---->\n              <!---->\n              <div class=\"w-100 h-y-container h-column__content h-column__v-align flex-basis-100 align-self-lg-start align-self-md-start align-self-start\">\n                <!---->\n                <div data-colibri-id=\"10804-c11\" class=\"h-x-container style-2823 style-local-10804-c11 position-relative h-element\">\n                  <!---->\n                  <div class=\"h-x-container-inner style-dynamic-10804-c11-group style-2823-spacing style-local-10804-c11-spacing\"><span class=\"h-button__outer style-2824-outer style-local-10804-c12-outer d-inline-flex h-element\"><a h-use-smooth-scroll=\"true\" href=\"https:\/\/www.htlwien10.at\/edu\/wp-content\/uploads\/2025\/10\/Infoblatt_Anmeldung_Aufnahme_Termine_HL_FS_2026_2027_V1_2025.pdf\" target=\"_blank\" data-colibri-id=\"10804-c12\" class=\"d-flex w-100 align-items-center h-button justify-content-lg-center justify-content-md-center justify-content-center style-2824 style-local-10804-c12 position-relative\" rel=\"noopener\"><!----><!----> <span>Aktuelle Infos und Termine (Infoblatt)<\/span><\/a>\n                    <\/span>\n                  <\/div>\n                <\/div>\n                <div data-colibri-id=\"10804-c13\" class=\"h-x-container style-2819 style-local-10804-c13 position-relative h-element\">\n                  <!---->\n                  <div class=\"h-x-container-inner style-dynamic-10804-c13-group style-2819-spacing style-local-10804-c13-spacing\"><span class=\"h-button__outer style-2820-outer style-local-10804-c14-outer d-inline-flex h-element\"><a h-use-smooth-scroll=\"true\" href=\"https:\/\/htlwien10.htl-anmeldung.at\/Standardform\" target=\"_blank\" data-colibri-id=\"10804-c14\" class=\"d-flex w-100 align-items-center h-button justify-content-lg-center justify-content-md-center justify-content-center style-2820 style-local-10804-c14 position-relative\" rel=\"noopener\"><!----><!----> <span>zur Anmeldung<\/span><\/a>\n                    <\/span>\n                  <\/div>\n                <\/div>\n              <\/div>\n            <\/div>\n          <\/div>\n        <\/div>\n      <\/div>\n      <div data-colibri-id=\"10804-c22\" class=\"h-row-container gutters-row-lg-2 gutters-row-md-2 gutters-row-0 gutters-row-v-lg-2 gutters-row-v-md-2 gutters-row-v-2 style-2750 style-local-10804-c22 position-relative\">\n        <!---->\n        <div class=\"h-row justify-content-lg-center justify-content-md-center justify-content-center align-items-lg-stretch align-items-md-stretch align-items-stretch gutters-col-lg-2 gutters-col-md-2 gutters-col-0 gutters-col-v-lg-2 gutters-col-v-md-2 gutters-col-v-2\">\n          <!---->\n          <div class=\"h-column h-column-container d-flex h-col-lg-auto h-col-md-auto h-col-auto style-2751-outer style-local-10804-c23-outer\">\n            <div data-colibri-id=\"10804-c23\" class=\"d-flex h-flex-basis h-column__inner h-px-lg-2 h-px-md-2 h-px-2 v-inner-lg-2 v-inner-md-2 v-inner-2 style-2751 style-local-10804-c23 position-relative\">\n              <!---->\n              <!---->\n              <div class=\"w-100 h-y-container h-column__content h-column__v-align flex-basis-100 align-self-lg-start align-self-md-start align-self-start\">\n                <!---->\n                <div data-colibri-id=\"10804-c24\" class=\"h-text h-text-component style-2753 style-local-10804-c24 position-relative h-element\">\n                  <!---->\n                  <!---->\n                  <div class=\"\">\n                    <p>Telefonische Auskunft und Infos\n                      <br>zur Anmeldung und Aufnahme unter<\/p>\n                    <p> 01 60111 33<\/p>\n                    <p>Vor- und Nachname sowie\n                      <br>Sozialversicherungsnummer bitte bereit halten!\n                      <br>\n                    <\/p>\n                  <\/div>\n                <\/div>\n              <\/div>\n            <\/div>\n          <\/div>\n        <\/div>\n      <\/div>\n    <\/div>\n  <\/div>\n<\/div>","protected":false},"excerpt":{"rendered":"<p>Anmeldung f\u00fcr Fachschule und H\u00f6here Lehranstalt Die Anmeldung&nbsp;f\u00fcr das n\u00e4chste Schuljahr ist online hier ab 3. November 2025 m\u00f6glich. Die Schulnachricht in Original und Kopie muss nach dem Ende des Wintersemesters pers\u00f6nlich abgegeben werden. Aktuelle Infos und Termine (Infoblatt) zur Anmeldung Telefonische Auskunft und Infos zur Anmeldung und Aufnahme unter 01 60111 33 Vor- und [&hellip;]<\/p>\n","protected":false},"author":2,"featured_media":0,"parent":0,"menu_order":0,"comment_status":"closed","ping_status":"closed","template":"page-templates\/full-width-page.php","meta":[],"_links":{"self":[{"href":"https:\/\/www.htlwien10.at\/edu\/index.php\/wp-json\/wp\/v2\/pages\/10804"}],"collection":[{"href":"https:\/\/www.htlwien10.at\/edu\/index.php\/wp-json\/wp\/v2\/pages"}],"about":[{"href":"https:\/\/www.htlwien10.at\/edu\/index.php\/wp-json\/wp\/v2\/types\/page"}],"author":[{"embeddable":true,"href":"https:\/\/www.htlwien10.at\/edu\/index.php\/wp-json\/wp\/v2\/users\/2"}],"replies":[{"embeddable":true,"href":"https:\/\/www.htlwien10.at\/edu\/index.php\/wp-json\/wp\/v2\/comments?post=10804"}],"version-history":[{"count":20,"href":"https:\/\/www.htlwien10.at\/edu\/index.php\/wp-json\/wp\/v2\/pages\/10804\/revisions"}],"predecessor-version":[{"id":22607,"href":"https:\/\/www.htlwien10.at\/edu\/index.php\/wp-json\/wp\/v2\/pages\/10804\/revisions\/22607"}],"wp:attachment":[{"href":"https:\/\/www.htlwien10.at\/edu\/index.php\/wp-json\/wp\/v2\/media?parent=10804"}],"curies":[{"name":"wp","href":"https:\/\/api.w.org\/{rel}","templated":true}]}}