{"id":1083,"date":"2021-09-26T08:14:42","date_gmt":"2021-09-26T06:14:42","guid":{"rendered":"https:\/\/www.htlw10.at\/edu\/?page_id=1083"},"modified":"2025-09-29T15:04:41","modified_gmt":"2025-09-29T13:04:41","slug":"absolventenverein","status":"publish","type":"page","link":"https:\/\/www.htlwien10.at\/edu\/index.php\/absolventenverein\/","title":{"rendered":"Absolventen- und F\u00f6rderverein der HTL Wien 10"},"content":{"rendered":"\n<p>Der Vorstand des \u201eAbsolventenvereins\u201c hat es sich zur Aufgabe gemacht, den Zusammenhalt der Absolvent_innen der HTL Wien 10 zu festigen und aktiv an der Gestaltung des Schullebens mitzuwirken. <\/p>\n\n\n\n<p>Der Verein bezweckt die Zusammenfassung der Absolvent:innen, Angeh\u00f6rigen und Freunde der HTBL Wien 10, die F\u00f6rderung ihrer eigenen Interessen sowie der Interessen der Lehranstalt und ihrer Sch\u00fcler:innen sowie fallweise die Unterst\u00fctzung derselben.<\/p>\n\n\n\n<div class=\"wp-block-file\"><a id=\"wp-block-file--media-dd2d222d-337d-4111-84ba-60530eecb220\" href=\"https:\/\/www.htlwien10.at\/edu\/wp-content\/uploads\/2025\/09\/Einladung_Hauptversammlung_Absv_2025.pdf\"><strong>Einladung zur_Hauptversammlung_2025<\/strong><\/a><a href=\"https:\/\/www.htlwien10.at\/edu\/wp-content\/uploads\/2025\/09\/Einladung_Hauptversammlung_Absv_2025.pdf\" class=\"wp-block-file__button wp-element-button\" download aria-describedby=\"wp-block-file--media-dd2d222d-337d-4111-84ba-60530eecb220\">Herunterladen<\/a><\/div>\n\n\n\n<h4 class=\"wp-block-heading has-text-align-left\">Die Zusammenfassung und F\u00f6rderung sollen erreicht werden durch:<\/h4>\n\n\n\n<ul>\n<li>Veranstaltung von Zusammenk\u00fcnften der Mitglieder und von Vortr\u00e4gen allgemeiner oder technischer Art. Veranstaltung von Exkursionen etc. und Herausgabe von Druckschriften.<\/li>\n\n\n\n<li>Unterst\u00fctzung der Studierenden durch Vermittlung von Ferialpraxisstellen, Veranstaltung von Exkursionen udgl.<\/li>\n\n\n\n<li>Unterst\u00fctzung der Sch\u00fcler_innen durch fallweise direkte geldliche Zuwendungen nach Ma\u00dfgabe der vorhandenen Mittel.<\/li>\n\n\n\n<li>F\u00f6rderung der Lehranstalt durch Anschaffung von Werkzeugen, Ger\u00e4ten und sonstigen Lehrmitteln.<\/li>\n<\/ul>\n\n\n\n<p>Der Verein kann seinen Aufgaben \u2013 insbesondere Unterst\u00fctzung der Schule und der Sch\u00fcler_innen \u2013 nur dann effizient nachkommen, wenn entsprechende finanzielle Mittel vorhanden sind. <br>Als Mitgliedsbeitrag wurde daher \u20ac 25.- p.a. festgesetzt. <br><strong>Bankverbindung: P.S.K., BIC: OPSKATWW, IBAN: AT18 6000 0000 0752 1207<\/strong><\/p>\n\n\n\n<p><a href=\"https:\/\/www.htlwien10.at\/edu\/index.php\/newsletter\/\" target=\"_blank\" rel=\"noreferrer noopener\">Anmeldung zum Absolventen- und F\u00f6rderverein<\/a><\/p>\n\n\n\n<h2 class=\"wp-block-heading\" id=\"absolvent-innentreffen\">Absolvent:innentreffen<\/h2>\n\n\n\n<figure class=\"wp-block-gallery has-nested-images columns-default is-cropped wp-block-gallery-1 is-layout-flex\">\n<figure class=\"wp-block-image size-large\"><a href=\"https:\/\/www.htlwien10.at\/edu\/index.php\/absolvententreffen\"><img fetchpriority=\"high\" decoding=\"async\" width=\"1024\" height=\"661\" data-id=\"1087\"  src=\"https:\/\/www.htlwien10.at\/edu\/wp-content\/uploads\/2021\/09\/201809_Absolvententreffen_013-1024x661.jpg\" alt=\"\" class=\"wp-image-1087\" srcset=\"https:\/\/www.htlwien10.at\/edu\/wp-content\/uploads\/2021\/09\/201809_Absolvententreffen_013-1024x661.jpg 1024w, https:\/\/www.htlwien10.at\/edu\/wp-content\/uploads\/2021\/09\/201809_Absolvententreffen_013-300x194.jpg 300w, https:\/\/www.htlwien10.at\/edu\/wp-content\/uploads\/2021\/09\/201809_Absolvententreffen_013-768x496.jpg 768w, https:\/\/www.htlwien10.at\/edu\/wp-content\/uploads\/2021\/09\/201809_Absolvententreffen_013-1536x991.jpg 1536w, https:\/\/www.htlwien10.at\/edu\/wp-content\/uploads\/2021\/09\/201809_Absolvententreffen_013-2048x1321.jpg 2048w\" sizes=\"(max-width: 1024px) 100vw, 1024px\" \/><\/a><\/figure>\n\n\n\n<figure class=\"wp-block-image size-large\"><a href=\"https:\/\/www.htlwien10.at\/edu\/index.php\/absolvententreffen\"><img decoding=\"async\" width=\"1024\" height=\"654\" data-id=\"1088\"  src=\"https:\/\/www.htlwien10.at\/edu\/wp-content\/uploads\/2021\/09\/201809_Absolvententreffen_064-1024x654.jpg\" alt=\"\" class=\"wp-image-1088\" srcset=\"https:\/\/www.htlwien10.at\/edu\/wp-content\/uploads\/2021\/09\/201809_Absolvententreffen_064-1024x654.jpg 1024w, https:\/\/www.htlwien10.at\/edu\/wp-content\/uploads\/2021\/09\/201809_Absolvententreffen_064-300x191.jpg 300w, https:\/\/www.htlwien10.at\/edu\/wp-content\/uploads\/2021\/09\/201809_Absolvententreffen_064-768x490.jpg 768w, https:\/\/www.htlwien10.at\/edu\/wp-content\/uploads\/2021\/09\/201809_Absolvententreffen_064.jpg 1440w\" sizes=\"(max-width: 1024px) 100vw, 1024px\" \/><\/a><\/figure>\n\n\n\n<figure class=\"wp-block-image size-full\"><img decoding=\"async\" width=\"1000\" height=\"687\" data-id=\"6486\"  src=\"https:\/\/www.htlwien10.at\/edu\/wp-content\/uploads\/2022\/02\/2008_169-e1644093798668-1.jpg\" alt=\"\" class=\"wp-image-6486\" srcset=\"https:\/\/www.htlwien10.at\/edu\/wp-content\/uploads\/2022\/02\/2008_169-e1644093798668-1.jpg 1000w, https:\/\/www.htlwien10.at\/edu\/wp-content\/uploads\/2022\/02\/2008_169-e1644093798668-1-300x206.jpg 300w, https:\/\/www.htlwien10.at\/edu\/wp-content\/uploads\/2022\/02\/2008_169-e1644093798668-1-768x528.jpg 768w\" sizes=\"(max-width: 1000px) 100vw, 1000px\" \/><\/figure>\n<\/figure>\n\n\n\n<h2 class=\"wp-block-heading\"><a href=\"https:\/\/www.htlwien10.at\/edu\/index.php\/absolvententreffen\/\">Bilder der Absolvent:innentreffen<\/a><\/h2>\n\n\n\n<h2 class=\"wp-block-heading\" id=\"vorstand\">Vorstand<\/h2>\n\n\n\n<figure class=\"wp-block-table is-style-stripes\"><table><tbody><tr><td>Obmann:<\/td><td>&nbsp;<\/td><td>DI Dr. Klaus Leeb<\/td><\/tr><tr><td>Obmann-Stv.:<\/td><td><\/td><td>AV DI Sebastian Massinger<\/td><\/tr><tr><td>Obmann-Stv.: <\/td><td><\/td><td>DI Michael Titz<\/td><\/tr><tr><td>Schriftf\u00fchrerin:<\/td><td><\/td><td>Gertrud Giendl<\/td><\/tr><tr><td>Schriftf\u00fchrerin-Stv.:<\/td><td><\/td><td>Alexandra Holzweber<\/td><\/tr><tr><td>Kassierin:<\/td><td><\/td><td>Carina Randa<\/td><\/tr><tr><td>Kassierin-Stv.:<\/td><td><\/td><td>Marijo Lukic<\/td><\/tr><tr><td>Rechnungspr\u00fcfer:<\/td><td><\/td><td>Dipl.-P\u00e4d. Walter Pitschmann<\/td><\/tr><tr><td>Rechnungspr\u00fcfer:<\/td><td><\/td><td>Dipl.-P\u00e4d. Christian Engerth<\/td><\/tr><\/tbody><\/table><\/figure>\n\n\n\n<h2 class=\"wp-block-heading\" id=\"kontakt\">Kontakt<\/h2>\n\n\n\n<p><strong>\u201eAbsolventen- und F\u00f6rderverein der HTL Wien 10\u201c<\/strong><br>1100 Wien, Ettenreichgasse 54<br>Tel.: +43 1 60 111 31<br>Fax: +43 1 60 111 32<br>e-mail:<a href=\"mailto:direktion@htlwien10.at\">direktion[at]htlwien10.at<\/a><\/p>\n\n\n\n<p><\/p>\n","protected":false},"excerpt":{"rendered":"<p>Der Vorstand des \u201eAbsolventenvereins\u201c hat es sich zur Aufgabe gemacht, den Zusammenhalt der Absolvent_innen der HTL Wien 10 zu festigen und aktiv an der Gestaltung des Schullebens mitzuwirken. Der Verein bezweckt die Zusammenfassung der Absolvent:innen, Angeh\u00f6rigen und Freunde der HTBL Wien 10, die F\u00f6rderung ihrer eigenen Interessen sowie der Interessen der Lehranstalt und ihrer Sch\u00fcler:innen [&hellip;]<\/p>\n","protected":false},"author":2,"featured_media":0,"parent":0,"menu_order":0,"comment_status":"closed","ping_status":"closed","template":"","meta":[],"_links":{"self":[{"href":"https:\/\/www.htlwien10.at\/edu\/index.php\/wp-json\/wp\/v2\/pages\/1083"}],"collection":[{"href":"https:\/\/www.htlwien10.at\/edu\/index.php\/wp-json\/wp\/v2\/pages"}],"about":[{"href":"https:\/\/www.htlwien10.at\/edu\/index.php\/wp-json\/wp\/v2\/types\/page"}],"author":[{"embeddable":true,"href":"https:\/\/www.htlwien10.at\/edu\/index.php\/wp-json\/wp\/v2\/users\/2"}],"replies":[{"embeddable":true,"href":"https:\/\/www.htlwien10.at\/edu\/index.php\/wp-json\/wp\/v2\/comments?post=1083"}],"version-history":[{"count":52,"href":"https:\/\/www.htlwien10.at\/edu\/index.php\/wp-json\/wp\/v2\/pages\/1083\/revisions"}],"predecessor-version":[{"id":22223,"href":"https:\/\/www.htlwien10.at\/edu\/index.php\/wp-json\/wp\/v2\/pages\/1083\/revisions\/22223"}],"wp:attachment":[{"href":"https:\/\/www.htlwien10.at\/edu\/index.php\/wp-json\/wp\/v2\/media?parent=1083"}],"curies":[{"name":"wp","href":"https:\/\/api.w.org\/{rel}","templated":true}]}}