{"id":1338,"date":"2021-11-15T13:19:50","date_gmt":"2021-11-15T12:19:50","guid":{"rendered":"https:\/\/www.htlw10.at\/edu\/?page_id=1338"},"modified":"2022-01-17T20:19:33","modified_gmt":"2022-01-17T19:19:33","slug":"anfahrt-2","status":"publish","type":"page","link":"https:\/\/www.htlwien10.at\/edu\/index.php\/anfahrt-2\/","title":{"rendered":"Anfahrt"},"content":{"rendered":"\t\t<div data-elementor-type=\"wp-page\" data-elementor-id=\"1338\" class=\"elementor elementor-1338\">\n\t\t\t\t\t\t<section class=\"elementor-section elementor-top-section elementor-element elementor-element-34dc8c0 elementor-section-boxed elementor-section-height-default elementor-section-height-default\" data-id=\"34dc8c0\" data-element_type=\"section\">\n\t\t\t\t\t\t<div class=\"elementor-container elementor-column-gap-default\">\n\t\t\t\t\t<div class=\"elementor-column elementor-col-100 elementor-top-column elementor-element elementor-element-6b23c8e\" data-id=\"6b23c8e\" data-element_type=\"column\">\n\t\t\t<div class=\"elementor-widget-wrap elementor-element-populated\">\n\t\t\t\t\t\t<div class=\"elementor-element elementor-element-3d60e6b elementor-widget elementor-widget-text-editor\" data-id=\"3d60e6b\" data-element_type=\"widget\" data-widget_type=\"text-editor.default\">\n\t\t\t\t<div class=\"elementor-widget-container\">\n\t\t\t\t\t\t\t<p style=\"text-align: center;\">H\u00f6here Technische Bundeslehranstalt Wien 10<\/p><p style=\"text-align: center;\">Ettenreichgasse 54<br \/>1100 Wien<br \/>+43 1 60111<br \/>e-mail: direktion[at]htlwien10.at<\/p>\t\t\t\t\t\t<\/div>\n\t\t\t\t<\/div>\n\t\t\t\t\t<\/div>\n\t\t<\/div>\n\t\t\t\t\t<\/div>\n\t\t<\/section>\n\t\t\t\t<section class=\"elementor-section elementor-top-section elementor-element elementor-element-e9c2d17 elementor-section-boxed elementor-section-height-default elementor-section-height-default\" data-id=\"e9c2d17\" data-element_type=\"section\">\n\t\t\t\t\t\t<div class=\"elementor-container elementor-column-gap-default\">\n\t\t\t\t\t<div class=\"elementor-column elementor-col-50 elementor-top-column elementor-element elementor-element-5741ef0\" data-id=\"5741ef0\" data-element_type=\"column\">\n\t\t\t<div class=\"elementor-widget-wrap elementor-element-populated\">\n\t\t\t\t\t\t<div class=\"elementor-element elementor-element-4a14e1a elementor-widget elementor-widget-image\" data-id=\"4a14e1a\" data-element_type=\"widget\" data-widget_type=\"image.default\">\n\t\t\t\t<div class=\"elementor-widget-container\">\n\t\t\t\t\t\t\t\t\t\t\t\t\t\t<a href=\"http:\/\/www.wienerlinien.at\/\" target=\"_blank\">\n\t\t\t\t\t\t\t<img fetchpriority=\"high\" decoding=\"async\" width=\"595\" height=\"399\" src=\"https:\/\/www.htlwien10.at\/edu\/wp-content\/uploads\/2021\/11\/htlwien10_plan-1.jpg\" class=\"attachment-medium_large size-medium_large wp-image-1319\" alt=\"\" srcset=\"https:\/\/www.htlwien10.at\/edu\/wp-content\/uploads\/2021\/11\/htlwien10_plan-1.jpg 595w, https:\/\/www.htlwien10.at\/edu\/wp-content\/uploads\/2021\/11\/htlwien10_plan-1-300x201.jpg 300w\" sizes=\"(max-width: 595px) 100vw, 595px\" \/>\t\t\t\t\t\t\t\t<\/a>\n\t\t\t\t\t\t\t\t\t\t\t\t\t<\/div>\n\t\t\t\t<\/div>\n\t\t\t\t\t<\/div>\n\t\t<\/div>\n\t\t\t\t<div class=\"elementor-column elementor-col-50 elementor-top-column elementor-element elementor-element-309d975\" data-id=\"309d975\" data-element_type=\"column\">\n\t\t\t<div class=\"elementor-widget-wrap elementor-element-populated\">\n\t\t\t\t\t\t<div class=\"elementor-element elementor-element-4fe543a elementor-widget elementor-widget-text-editor\" data-id=\"4fe543a\" data-element_type=\"widget\" data-widget_type=\"text-editor.default\">\n\t\t\t\t<div class=\"elementor-widget-container\">\n\t\t\t\t\t\t\t<p><span lang=\"en-US\">Von Simmering, vom Stephansplatz, von Oberlaa und von Meidling (Philadelphiabr\u00fccke) ist die HTBL Wien 10 mit \u00f6ffentlichen Verkehrsmitteln in 20 Minuten (oder weniger) erreichbar.<\/span><\/p>\t\t\t\t\t\t<\/div>\n\t\t\t\t<\/div>\n\t\t\t\t<div class=\"elementor-element elementor-element-6e0977bc elementor-widget elementor-widget-text-editor\" data-id=\"6e0977bc\" data-element_type=\"widget\" data-widget_type=\"text-editor.default\">\n\t\t\t\t<div class=\"elementor-widget-container\">\n\t\t\t\t\t\t\t<div class=\"style-1105 style-local-1338-c1 position-relative\" data-colibri-id=\"1338-c1\">\n<div id=\"initial-content\">\n<p>Hier k\u00f6nnen Sie sich Ihren <strong>individuellen Fahrplan erstellen <\/strong>lassen:<br><a target=\"_blank\" rel=\"noreferrer noopener\" href=\"http:\/\/www.wienerlinien.at\/\">elektronischer Fahrplan der Wiener Linien<\/a><\/p>\n<div>\n<p>Auch mit dem Fahrrad ist die HTL Wien 10 gut erreichbar (z. B. Radweg vom Ring bis in die Ettenreichgasse)<br>Hier finden Sie Ihre pers\u00f6nliche <strong>Radroute<\/strong> zur Schule: <a href=\"https:\/\/www.fahrradwien.at\/routenplaner\/\" target=\"_blank\" rel=\"noopener noreferrer\">Radroutensuche<\/a><\/p>\n<p><a href=\"https:\/\/www.htlwien10.at\/cms\/images\/stories\/kontakt\/gehrouten.jpg\" target=\"_blank\" rel=\"noopener noreferrer\">Gehrouten<\/a> (von den umliegenden Bus-, Stra\u00dfenbahnstationen).<\/p>\n<\/div>\n<\/div>\n<\/div>\t\t\t\t\t\t<\/div>\n\t\t\t\t<\/div>\n\t\t\t\t\t<\/div>\n\t\t<\/div>\n\t\t\t\t\t<\/div>\n\t\t<\/section>\n\t\t\t\t<section class=\"elementor-section elementor-top-section elementor-element elementor-element-75c7057 elementor-section-boxed elementor-section-height-default elementor-section-height-default\" data-id=\"75c7057\" data-element_type=\"section\">\n\t\t\t\t\t\t<div class=\"elementor-container elementor-column-gap-default\">\n\t\t\t\t\t<div class=\"elementor-column elementor-col-100 elementor-top-column elementor-element elementor-element-15794cf\" data-id=\"15794cf\" data-element_type=\"column\">\n\t\t\t<div class=\"elementor-widget-wrap elementor-element-populated\">\n\t\t\t\t\t\t\t<\/div>\n\t\t<\/div>\n\t\t\t\t\t<\/div>\n\t\t<\/section>\n\t\t\t\t<section class=\"elementor-section elementor-top-section elementor-element elementor-element-7351eae elementor-section-boxed elementor-section-height-default elementor-section-height-default\" data-id=\"7351eae\" data-element_type=\"section\">\n\t\t\t\t\t\t<div class=\"elementor-container elementor-column-gap-default\">\n\t\t\t\t\t<div class=\"elementor-column elementor-col-50 elementor-top-column elementor-element elementor-element-39147e9\" data-id=\"39147e9\" data-element_type=\"column\">\n\t\t\t<div class=\"elementor-widget-wrap elementor-element-populated\">\n\t\t\t\t\t\t<div class=\"elementor-element elementor-element-494bb9d elementor-widget elementor-widget-text-editor\" data-id=\"494bb9d\" data-element_type=\"widget\" data-widget_type=\"text-editor.default\">\n\t\t\t\t<div class=\"elementor-widget-container\">\n\t\t\t\t\t\t\t<p style=\"text-align: left;\" align=\"center\">Vom Stephansplatz, Kagran oder Oberlaa erreichen Sie uns mit der U-Bahn U1 bis Troststra\u00dfe und 2 Minuten zu Fu\u00df oder<br \/>U1 bis Altes Landgut und eine Station mit 15A bis Daumegasse<\/p><p style=\"text-align: left;\" align=\"center\">Von Meidling: Autobus 15A: Schedifkaplatz (Philadelphiabr\u00fccke) =&gt; Ettenreichgasse<\/p><p style=\"text-align: left;\" align=\"center\">Durch die N\u00e4he zum S\u00fcdtirolerplatz \/ S\u00fcdbahnhof (Schnellbahnverbindungen) ist unsere Schule auch f\u00fcr Sch\u00fcler, die nicht in Wien wohnen, gut erreichbar:<\/p><p style=\"text-align: left;\" align=\"center\">U-Bahn U1: S\u00fcdtiroler Platz =&gt; Reumannplatz <br \/>Autobus 66A, 67A: Reumannplatz =&gt; Schulzentrum Ettenreichgasse<br \/>Autobus 15 A: Grillgasse, Altes Landgut, Geiselbergstra\u00dfe, Am Kanal,&#8230; =&gt; Grenzackerstra\u00dfe \/ Ettenreichgasse<br \/><a href=\"http:\/\/www.vor.at\/\" target=\"_blank\" rel=\"noopener noreferrer\">elektronischer Fahrplan der VOR &#8211; Verkehrsbetriebe Ost Region<\/a><\/p>\t\t\t\t\t\t<\/div>\n\t\t\t\t<\/div>\n\t\t\t\t\t<\/div>\n\t\t<\/div>\n\t\t\t\t<div class=\"elementor-column elementor-col-50 elementor-top-column elementor-element elementor-element-4f65ee2\" data-id=\"4f65ee2\" data-element_type=\"column\">\n\t\t\t<div class=\"elementor-widget-wrap elementor-element-populated\">\n\t\t\t\t\t\t<div class=\"elementor-element elementor-element-0c9890b elementor-widget elementor-widget-image\" data-id=\"0c9890b\" data-element_type=\"widget\" data-widget_type=\"image.default\">\n\t\t\t\t<div class=\"elementor-widget-container\">\n\t\t\t\t\t\t\t\t\t\t\t\t\t<img decoding=\"async\" width=\"1024\" height=\"722\" src=\"https:\/\/www.htlwien10.at\/edu\/wp-content\/uploads\/2021\/11\/anfahrt_u1-1-1024x722.jpg\" class=\"attachment-large size-large wp-image-1386\" alt=\"\" srcset=\"https:\/\/www.htlwien10.at\/edu\/wp-content\/uploads\/2021\/11\/anfahrt_u1-1-1024x722.jpg 1024w, https:\/\/www.htlwien10.at\/edu\/wp-content\/uploads\/2021\/11\/anfahrt_u1-1-300x212.jpg 300w, https:\/\/www.htlwien10.at\/edu\/wp-content\/uploads\/2021\/11\/anfahrt_u1-1-768x542.jpg 768w, https:\/\/www.htlwien10.at\/edu\/wp-content\/uploads\/2021\/11\/anfahrt_u1-1.jpg 1258w\" sizes=\"(max-width: 1024px) 100vw, 1024px\" \/>\t\t\t\t\t\t\t\t\t\t\t\t\t<\/div>\n\t\t\t\t<\/div>\n\t\t\t\t\t<\/div>\n\t\t<\/div>\n\t\t\t\t\t<\/div>\n\t\t<\/section>\n\t\t\t\t<\/div>\n\t\t","protected":false},"excerpt":{"rendered":"<p>H\u00f6here Technische Bundeslehranstalt Wien 10Ettenreichgasse 541100 Wien+43 1 60111e-mail: direktion[at]htlwien10.at Von Simmering, vom Stephansplatz, von Oberlaa und von Meidling (Philadelphiabr\u00fccke) ist die HTBL Wien 10 mit \u00f6ffentlichen Verkehrsmitteln in 20 Minuten (oder weniger) erreichbar. Hier k\u00f6nnen Sie sich Ihren individuellen Fahrplan erstellen lassen:elektronischer Fahrplan der Wiener Linien Auch mit dem Fahrrad ist die HTL Wien [&hellip;]<\/p>\n","protected":false},"author":2,"featured_media":0,"parent":0,"menu_order":0,"comment_status":"closed","ping_status":"closed","template":"page-templates\/full-width-page.php","meta":[],"_links":{"self":[{"href":"https:\/\/www.htlwien10.at\/edu\/index.php\/wp-json\/wp\/v2\/pages\/1338"}],"collection":[{"href":"https:\/\/www.htlwien10.at\/edu\/index.php\/wp-json\/wp\/v2\/pages"}],"about":[{"href":"https:\/\/www.htlwien10.at\/edu\/index.php\/wp-json\/wp\/v2\/types\/page"}],"author":[{"embeddable":true,"href":"https:\/\/www.htlwien10.at\/edu\/index.php\/wp-json\/wp\/v2\/users\/2"}],"replies":[{"embeddable":true,"href":"https:\/\/www.htlwien10.at\/edu\/index.php\/wp-json\/wp\/v2\/comments?post=1338"}],"version-history":[{"count":20,"href":"https:\/\/www.htlwien10.at\/edu\/index.php\/wp-json\/wp\/v2\/pages\/1338\/revisions"}],"predecessor-version":[{"id":2886,"href":"https:\/\/www.htlwien10.at\/edu\/index.php\/wp-json\/wp\/v2\/pages\/1338\/revisions\/2886"}],"wp:attachment":[{"href":"https:\/\/www.htlwien10.at\/edu\/index.php\/wp-json\/wp\/v2\/media?parent=1338"}],"curies":[{"name":"wp","href":"https:\/\/api.w.org\/{rel}","templated":true}]}}