{"id":1830,"date":"2022-01-05T10:15:02","date_gmt":"2022-01-05T09:15:02","guid":{"rendered":"https:\/\/www.htlw10.at\/edu\/?page_id=1830"},"modified":"2025-10-16T18:47:23","modified_gmt":"2025-10-16T16:47:23","slug":"verwaltung","status":"publish","type":"page","link":"https:\/\/www.htlwien10.at\/edu\/index.php\/verwaltung\/","title":{"rendered":"Verwaltung"},"content":{"rendered":"<div data-colibri-id=\"1830-c1\" class=\"style-1401 style-local-1830-c1 position-relative\">\n  <!---->\n  <div data-colibri-component=\"section\" data-colibri-id=\"1830-c2\" id=\"custom\" class=\"h-section h-section-global-spacing d-flex align-items-lg-center align-items-md-center align-items-center style-1415 style-local-1830-c2 position-relative\">\n    <!---->\n    <!---->\n    <div class=\"h-section-grid-container h-section-boxed-container\">\n      <!---->\n      <div data-colibri-id=\"1830-c3\" class=\"h-row-container gutters-row-lg-2 gutters-row-md-2 gutters-row-0 gutters-row-v-lg-2 gutters-row-v-md-2 gutters-row-v-2 style-2853 style-local-1830-c3 position-relative\">\n        <!---->\n        <div class=\"h-row justify-content-lg-center justify-content-md-center justify-content-center align-items-lg-stretch align-items-md-stretch align-items-stretch gutters-col-lg-2 gutters-col-md-2 gutters-col-0 gutters-col-v-lg-2 gutters-col-v-md-2 gutters-col-v-2\">\n          <!---->\n          <div class=\"h-column h-column-container d-flex h-col-lg-auto h-col-md-auto h-col-auto style-2854-outer style-local-1830-c4-outer\">\n            <div data-colibri-id=\"1830-c4\" class=\"d-flex h-flex-basis h-column__inner h-px-lg-2 h-px-md-2 h-px-2 v-inner-lg-2 v-inner-md-2 v-inner-2 style-2854 style-local-1830-c4 position-relative\">\n              <!---->\n              <!---->\n              <div class=\"w-100 h-y-container h-column__content h-column__v-align flex-basis-100 align-self-lg-start align-self-md-start align-self-start\">\n                <!---->\n                <div data-colibri-id=\"1830-c5\" class=\"d-block style-1420 style-local-1830-c5 position-relative h-element\">\n                  <!---->\n                  <div class=\"h-image__frame-container-outer\">\n                    <div class=\"h-image__frame-container\">\n                      <!---->\n                      <!---->\n                      <img fetchpriority=\"high\" decoding=\"async\" width=\"2560\" height=\"1822\" src=\"https:\/\/www.htlwien10.at\/edu\/wp-content\/uploads\/2025\/10\/2526Verwaltung-scaled.jpg\" class=\"wp-image-22361 style-1420-image style-local-1830-c5-image\" srcset=\"https:\/\/www.htlwien10.at\/edu\/wp-content\/uploads\/2025\/10\/2526Verwaltung-scaled.jpg 2560w, https:\/\/www.htlwien10.at\/edu\/wp-content\/uploads\/2025\/10\/2526Verwaltung-300x214.jpg 300w, https:\/\/www.htlwien10.at\/edu\/wp-content\/uploads\/2025\/10\/2526Verwaltung-1024x729.jpg 1024w, https:\/\/www.htlwien10.at\/edu\/wp-content\/uploads\/2025\/10\/2526Verwaltung-768x547.jpg 768w, https:\/\/www.htlwien10.at\/edu\/wp-content\/uploads\/2025\/10\/2526Verwaltung-1536x1093.jpg 1536w, https:\/\/www.htlwien10.at\/edu\/wp-content\/uploads\/2025\/10\/2526Verwaltung-2048x1458.jpg 2048w\" sizes=\"(max-width: 2560px) 100vw, 2560px\" alt=\"\" \/>\n                      <div class=\"h-image__frame h-hide-lg h-hide-md h-hide-sm style-1420-frameImage style-local-1830-c5-frameImage\"><\/div>\n                    <\/div>\n                  <\/div>\n                <\/div>\n              <\/div>\n            <\/div>\n          <\/div>\n        <\/div>\n      <\/div>\n      <div data-colibri-id=\"1830-c6\" class=\"h-row-container gutters-row-lg-2 gutters-row-md-2 gutters-row-0 gutters-row-v-lg-2 gutters-row-v-md-2 gutters-row-v-2 style-1416 style-local-1830-c6 position-relative\">\n        <!---->\n        <div class=\"h-row justify-content-lg-center justify-content-md-center justify-content-center align-items-lg-stretch align-items-md-stretch align-items-stretch gutters-col-lg-2 gutters-col-md-2 gutters-col-0 gutters-col-v-lg-2 gutters-col-v-md-2 gutters-col-v-2\">\n          <!---->\n          <div class=\"h-column h-column-container d-flex h-col-lg-auto h-col-md-auto h-col-auto style-1417-outer style-local-1830-c7-outer\">\n            <div data-colibri-id=\"1830-c7\" class=\"d-flex h-flex-basis h-column__inner h-px-lg-2 h-px-md-2 h-px-2 v-inner-lg-2 v-inner-md-2 v-inner-2 style-1417 style-local-1830-c7 position-relative\">\n              <!---->\n              <!---->\n              <div class=\"w-100 h-y-container h-column__content h-column__v-align flex-basis-100 align-self-lg-start align-self-md-start align-self-start\">\n                <!---->\n                <div data-colibri-id=\"1830-c8\" class=\"h-text h-text-component style-1421 style-local-1830-c8 position-relative h-element\">\n                  <!---->\n                  <!---->\n                  <div class=\"\">\n                    <p>Eine gro\u00dfe Schulgemeinschaft in einem gro\u00dfen Geb\u00e4ude funktioniert nur mit viel Engagement und guter Zusammenarbeit!<\/p>\n                    <p>Unsere Verwaltung k\u00fcmmert sich nicht nur um die administrativen Anliegen aller Sch\u00fclerinnen und Sch\u00fcler sowie Lehrerinnen und Lehrer, sondern managt auch Wareneingang, Haustischlerei, Pflege der Gr\u00fcnanlagen und unz\u00e4hlige Anliegen,\n                      welche die Geb\u00e4udetechnik betreffen.\n                      <br>\n                    <\/p>\n                  <\/div>\n                <\/div>\n              <\/div>\n            <\/div>\n          <\/div>\n        <\/div>\n      <\/div>\n      <div data-colibri-id=\"1830-c9\" class=\"h-row-container gutters-row-lg-2 gutters-row-md-2 gutters-row-0 gutters-row-v-lg-2 gutters-row-v-md-2 gutters-row-v-2 style-1418 style-local-1830-c9 position-relative\">\n        <!---->\n        <div class=\"h-row justify-content-lg-center justify-content-md-center justify-content-center align-items-lg-stretch align-items-md-stretch align-items-stretch gutters-col-lg-2 gutters-col-md-2 gutters-col-0 gutters-col-v-lg-2 gutters-col-v-md-2 gutters-col-v-2\">\n          <!---->\n          <div class=\"h-column h-column-container d-flex h-col-lg-auto h-col-md-auto h-col-auto style-1419-outer style-local-1830-c10-outer\">\n            <div data-colibri-id=\"1830-c10\" class=\"d-flex h-flex-basis h-column__inner h-ui-empty-state-container h-px-lg-2 h-px-md-2 h-px-2 v-inner-lg-2 v-inner-md-2 v-inner-2 style-1419 style-local-1830-c10 position-relative\">\n              <!---->\n              <!---->\n              <div class=\"w-100 h-y-container h-column__content h-column__v-align flex-basis-100\">\n                <!---->\n              <\/div>\n            <\/div>\n          <\/div>\n        <\/div>\n      <\/div>\n    <\/div>\n  <\/div>\n<\/div>","protected":false},"excerpt":{"rendered":"<p>Eine gro\u00dfe Schulgemeinschaft in einem gro\u00dfen Geb\u00e4ude funktioniert nur mit viel Engagement und guter Zusammenarbeit! Unsere Verwaltung k\u00fcmmert sich nicht nur um die administrativen Anliegen aller Sch\u00fclerinnen und Sch\u00fcler sowie Lehrerinnen und Lehrer, sondern managt auch Wareneingang, Haustischlerei, Pflege der Gr\u00fcnanlagen und unz\u00e4hlige Anliegen, welche die Geb\u00e4udetechnik betreffen.<\/p>\n","protected":false},"author":1,"featured_media":0,"parent":0,"menu_order":0,"comment_status":"closed","ping_status":"closed","template":"page-templates\/full-width-page.php","meta":[],"_links":{"self":[{"href":"https:\/\/www.htlwien10.at\/edu\/index.php\/wp-json\/wp\/v2\/pages\/1830"}],"collection":[{"href":"https:\/\/www.htlwien10.at\/edu\/index.php\/wp-json\/wp\/v2\/pages"}],"about":[{"href":"https:\/\/www.htlwien10.at\/edu\/index.php\/wp-json\/wp\/v2\/types\/page"}],"author":[{"embeddable":true,"href":"https:\/\/www.htlwien10.at\/edu\/index.php\/wp-json\/wp\/v2\/users\/1"}],"replies":[{"embeddable":true,"href":"https:\/\/www.htlwien10.at\/edu\/index.php\/wp-json\/wp\/v2\/comments?post=1830"}],"version-history":[{"count":11,"href":"https:\/\/www.htlwien10.at\/edu\/index.php\/wp-json\/wp\/v2\/pages\/1830\/revisions"}],"predecessor-version":[{"id":22364,"href":"https:\/\/www.htlwien10.at\/edu\/index.php\/wp-json\/wp\/v2\/pages\/1830\/revisions\/22364"}],"wp:attachment":[{"href":"https:\/\/www.htlwien10.at\/edu\/index.php\/wp-json\/wp\/v2\/media?parent=1830"}],"curies":[{"name":"wp","href":"https:\/\/api.w.org\/{rel}","templated":true}]}}