{"id":3469,"date":"2022-01-21T10:33:03","date_gmt":"2022-01-21T09:33:03","guid":{"rendered":"https:\/\/www.htlwien10.at\/edu\/?page_id=3469"},"modified":"2022-01-28T21:17:52","modified_gmt":"2022-01-28T20:17:52","slug":"impressum","status":"publish","type":"page","link":"https:\/\/www.htlwien10.at\/edu\/index.php\/impressum\/","title":{"rendered":"Impressum"},"content":{"rendered":"\n<p><strong>Offenlegung gem\u00e4\u00df \u00a7 25 Mediengesetz<\/strong><\/p>\n\n\n\n<p>H\u00d6HERE TECHNISCHE BUNDESLEHRANSTALT WIEN 10<br>Schulkennzahl: 910417<\/p>\n\n\n\n<p>Ettenreichgasse 54<br>A-1100 Wien<br>Tel.: +43 1 60111 Fax: +43 1 60111-32<\/p>\n\n\n\n<p><strong>F\u00fcr den Inhalt verantwortlich:<\/strong>&nbsp;<\/p>\n\n\n\n<p>Direktor Ing. Mag. Stefan WENKA<br>direktion[at]htlwien10.at<\/p>\n\n\n\n<p><strong>Webdesign und Betreuung:<\/strong>&nbsp;<\/p>\n\n\n\n<p>support[at]htlwien10.at<\/p>\n\n\n\n<p><strong>Haftungsausschluss<\/strong><\/p>\n\n\n\n<p>Diese Webseite enth\u00e4lt unter anderem auch Links auf andere Internetinhalte.<br>Wir haben keinerlei Einfluss auf die aktuelle und zuk\u00fcnftige Gestaltung bzw. auf die Inhalte dieser Webseiten sowie die dort befindlichen Links.<br>Wir \u00fcbernehmen keine Verantwortung f\u00fcr Inhalte dieser Seiten, auch f\u00fcr Seiten, die nach der Linksetzung ver\u00e4ndert wurden.<\/p>\n","protected":false},"excerpt":{"rendered":"<p>Offenlegung gem\u00e4\u00df \u00a7 25 Mediengesetz H\u00d6HERE TECHNISCHE BUNDESLEHRANSTALT WIEN 10Schulkennzahl: 910417 Ettenreichgasse 54A-1100 WienTel.: +43 1 60111 Fax: +43 1 60111-32 F\u00fcr den Inhalt verantwortlich:&nbsp; Direktor Ing. Mag. Stefan WENKAdirektion[at]htlwien10.at Webdesign und Betreuung:&nbsp; support[at]htlwien10.at Haftungsausschluss Diese Webseite enth\u00e4lt unter anderem auch Links auf andere Internetinhalte.Wir haben keinerlei Einfluss auf die aktuelle und zuk\u00fcnftige Gestaltung bzw. [&hellip;]<\/p>\n","protected":false},"author":1,"featured_media":0,"parent":0,"menu_order":0,"comment_status":"closed","ping_status":"closed","template":"","meta":[],"_links":{"self":[{"href":"https:\/\/www.htlwien10.at\/edu\/index.php\/wp-json\/wp\/v2\/pages\/3469"}],"collection":[{"href":"https:\/\/www.htlwien10.at\/edu\/index.php\/wp-json\/wp\/v2\/pages"}],"about":[{"href":"https:\/\/www.htlwien10.at\/edu\/index.php\/wp-json\/wp\/v2\/types\/page"}],"author":[{"embeddable":true,"href":"https:\/\/www.htlwien10.at\/edu\/index.php\/wp-json\/wp\/v2\/users\/1"}],"replies":[{"embeddable":true,"href":"https:\/\/www.htlwien10.at\/edu\/index.php\/wp-json\/wp\/v2\/comments?post=3469"}],"version-history":[{"count":3,"href":"https:\/\/www.htlwien10.at\/edu\/index.php\/wp-json\/wp\/v2\/pages\/3469\/revisions"}],"predecessor-version":[{"id":4010,"href":"https:\/\/www.htlwien10.at\/edu\/index.php\/wp-json\/wp\/v2\/pages\/3469\/revisions\/4010"}],"wp:attachment":[{"href":"https:\/\/www.htlwien10.at\/edu\/index.php\/wp-json\/wp\/v2\/media?parent=3469"}],"curies":[{"name":"wp","href":"https:\/\/api.w.org\/{rel}","templated":true}]}}