{"id":4002,"date":"2022-01-29T12:37:36","date_gmt":"2022-01-29T11:37:36","guid":{"rendered":"https:\/\/www.htlwien10.at\/edu\/?page_id=4002"},"modified":"2025-10-21T12:38:50","modified_gmt":"2025-10-21T10:38:50","slug":"kuratorium","status":"publish","type":"page","link":"https:\/\/www.htlwien10.at\/edu\/index.php\/kuratorium\/","title":{"rendered":"Kuratorium"},"content":{"rendered":"\n<h3 class=\"wp-block-heading has-text-align-center\" id=\"kuratoriuman-der-hoheren-technischen-bundeslehranstalt-wien-101100-wien-ettenreichgasse-54\">Kuratorium<br>an der H\u00f6heren Technischen Bundeslehranstalt Wien 10<br>1100 Wien, Ettenreichgasse 54<\/h3>\n\n\n\n<p>Das Kuratorium ist eine Einrichtung der Zusammenarbeit im Rahmen der erweiterten Schulgemeinschaft zur Pflege und F\u00f6rderung der zwischen den berufsbildenden Schulen und dem Wirtschaftsleben notwendigen engen Verbindung.<\/p>\n\n\n\n<h3 class=\"wp-block-heading\" id=\"funktionare-des-kuratoriums\">Funktion\u00e4re des Kuratoriums<\/h3>\n\n\n\n<figure class=\"wp-block-table is-style-stripes\"><table><tbody><tr><td><strong>Pr\u00e4sident:<\/strong><br><br><br><\/td><td>Gesch\u00e4ftsf\u00fchrer<br>Dipl.-Ing. Roman BEYERKNECHT<br>Nuclear Engineering Seibersdorf GmbH<br><\/td><\/tr><tr><td><strong>Vizepr\u00e4sident:<\/strong><br><br><br><\/td><td>Vorstandsdirektor<br>Dipl.-Ing. (FH) Martin KOHLMAIER<br>ABB AG<br><\/td><\/tr><tr><td><strong>Gesch\u00e4ftsf\u00fchrer: <\/strong><br><br><br><\/td><td>Mag. Ralf ARTNER<br>Wirtschaftskammer Wien<br>Wirtschaftspolitik &#8211; Bildungspolitik<br><\/td><\/tr><tr><td><strong>Rechnungsf\u00fchrer:<\/strong><br><br><br><\/td><td>Dipl.-Ing. Mario LEITNER<br>Wiener Netze GmbH<br><\/td><\/tr><tr><td><strong>Rechnungspr\u00fcfer:     <\/strong><span class=\"has-inline-color has-colibri-color-5-color\"><strong> <\/strong>       .<\/span><br><br><br><br><br><\/td><td>DI Mag. Dr. Peter SITTLER<br>V\u00d6I Landesgruppe Wien\/Bgld.<br><br>Ing. Roman WEIGL, MSc.<br>V\u00d6I Landesgruppe Wien\/Bgld.<br><\/td><\/tr><tr><td><strong>Schriftf\u00fchrer: <\/strong><br><\/td><td>Norbert B\u00d6HM, BEd<br>HTL Wien 10<br><\/td><\/tr><\/tbody><\/table><\/figure>\n\n\n\n<p>Spitze des Kuratoriums gem\u00e4\u00df \u00a7 3 der Verordnung des Bundesministers f\u00fcr Unterricht und kulturelle Angelegenheiten vom 23. April 1991, Zl. 23.390\/1-III\/4\/91 idgF, f\u00fcr die Funktionsdauer 2017 \u2013 2022 (1. Juli 2017 &#8211; 30. Juni 2022):<\/p>\n\n\n\n<p>Mitglieder und Ersatzmitglieder gem\u00e4\u00df \u00a7 6 der Verordnung des Bundesministers f\u00fcr Unterricht und kulturelle Angelegenheiten vom 23. April 1991, Zl. 23.390\/1-III\/4\/91 idgF, f\u00fcr die Funktionsdauer 2017 bis 2022 (1. Juli 2017 &#8211; 30. Juni 2022):<\/p>\n\n\n\n<p><strong>1. Vertreter des Schulerhalters:<\/strong><\/p>\n\n\n\n<div class=\"wp-block-media-text alignwide has-media-on-the-right is-stacked-on-mobile\" style=\"grid-template-columns:auto 25%\"><div class=\"wp-block-media-text__content\">\n<p>Mitglied:<br>Schulqualit\u00e4tsmanagerin<br>Dr.<sup>in<\/sup> Mag.<sup>a<\/sup> Brigitte HELLER<br>Bildungsdirektion f\u00fcr Wien<br><br>Mitglied: <br>Schulqualit\u00e4tsmanagerin <br>Barbara NOVOMESKY, MA BEd <br>Bildungsdirektion f\u00fcr Wien<\/p>\n<\/div><figure class=\"wp-block-media-text__media\"><img decoding=\"async\" width=\"300\" height=\"69\" src=\"https:\/\/www.htlwien10.at\/edu\/wp-content\/uploads\/2022\/01\/bildungsdirektion-300x69.png\" alt=\"\" class=\"wp-image-4018 size-medium\" srcset=\"https:\/\/www.htlwien10.at\/edu\/wp-content\/uploads\/2022\/01\/bildungsdirektion-300x69.png 300w, https:\/\/www.htlwien10.at\/edu\/wp-content\/uploads\/2022\/01\/bildungsdirektion.png 467w\" sizes=\"(max-width: 300px) 100vw, 300px\" \/><\/figure><\/div>\n\n\n\n<p><strong>2. Vertreter der zust\u00e4ndigen Kammer der gewerblichen Wirtschaft:<\/strong><\/p>\n\n\n\n<div class=\"wp-block-media-text alignwide has-media-on-the-right is-stacked-on-mobile\" style=\"grid-template-columns:auto 25%\"><div class=\"wp-block-media-text__content\">\n<p>Mitglied: <br>Mag. Ralf ARTNER <br>Wirtschaftskammer Wien  <br>Wirtschaftspolitik \u2013 Bildungspolitik<\/p>\n<\/div><figure class=\"wp-block-media-text__media\"><img fetchpriority=\"high\" decoding=\"async\" width=\"391\" height=\"188\" src=\"https:\/\/www.htlwien10.at\/edu\/wp-content\/uploads\/2022\/06\/wko_industrie-3.png\" alt=\"\" class=\"wp-image-10315 size-medium\" srcset=\"https:\/\/www.htlwien10.at\/edu\/wp-content\/uploads\/2022\/06\/wko_industrie-3.png 391w, https:\/\/www.htlwien10.at\/edu\/wp-content\/uploads\/2022\/06\/wko_industrie-3-300x144.png 300w\" sizes=\"(max-width: 391px) 100vw, 391px\" \/><\/figure><\/div>\n\n\n\n<p><strong>3. Vertreter der zust\u00e4ndigen Kammer f\u00fcr Arbeiter und Angestellte:<\/strong><\/p>\n\n\n\n<div class=\"wp-block-media-text alignwide has-media-on-the-right is-stacked-on-mobile\" style=\"grid-template-columns:auto 25%\"><div class=\"wp-block-media-text__content\">\n<p>Mitglied:<br>Mag.<sup>a<\/sup> Anna RAITH<br>Kammer f\u00fcr Arbeiter u. Angestellte<\/p>\n\n\n\n<p>Ersatzmitglied:<br>Mag. Daniel SCH\u00d6NHERR<br>Kammer f\u00fcr Arbeiter u. Angestellte<\/p>\n\n\n\n<p> <\/p>\n<\/div><figure class=\"wp-block-media-text__media\"><img decoding=\"async\" width=\"300\" height=\"115\" src=\"https:\/\/www.htlwien10.at\/edu\/wp-content\/uploads\/2022\/06\/ak_wien_k-300x115.png\" alt=\"\" class=\"wp-image-10310 size-medium\" srcset=\"https:\/\/www.htlwien10.at\/edu\/wp-content\/uploads\/2022\/06\/ak_wien_k-300x115.png 300w, https:\/\/www.htlwien10.at\/edu\/wp-content\/uploads\/2022\/06\/ak_wien_k.png 391w\" sizes=\"(max-width: 300px) 100vw, 300px\" \/><\/figure><\/div>\n\n\n\n<h4 class=\"wp-block-heading has-text-align-left\" id=\"4-hochstens-weitere-40-mitglieder\"><strong>4. h\u00f6chstens weitere 40 Mitglieder:<\/strong><\/h4>\n\n\n\n<p><strong>4.1. Vertreter des Bundeslandes Wien:<\/strong><\/p>\n\n\n\n<div class=\"wp-block-media-text alignwide has-media-on-the-right is-stacked-on-mobile\" style=\"grid-template-columns:auto 25%\"><div class=\"wp-block-media-text__content\">\n<p>Mitglied:<br>Gemeinderat <br>Mag. Josef TAUCHER<\/p>\n\n\n\n<p>Ersatzmitglied:<br>Gesch\u00e4ftsf\u00fchrer<br>Dipl.-Ing. Gerhard FIDA<br>Wiener Netze GmbH<\/p>\n<\/div><figure class=\"wp-block-media-text__media\"><img loading=\"lazy\" decoding=\"async\" width=\"250\" height=\"37\" src=\"https:\/\/www.htlwien10.at\/edu\/wp-content\/uploads\/2022\/01\/StadtWien.png\" alt=\"\" class=\"wp-image-4024 size-full\"\/><\/figure><\/div>\n\n\n\n<p>4<strong>.2. Vertreter des 10. Wiener Gemeindebezirkes:<\/strong><\/p>\n\n\n\n<div class=\"wp-block-media-text alignwide has-media-on-the-right is-stacked-on-mobile\" style=\"grid-template-columns:auto 25%\"><div class=\"wp-block-media-text__content\">\n<p>Mitglied:<br>Bezirksvorsteher<br>Marcus FRANZ <\/p>\n\n\n\n<p>Ersatzmitglied:<br>Bezirksrat<br>DI Norbert POKORNY<\/p>\n<\/div><figure class=\"wp-block-media-text__media\"><img loading=\"lazy\" decoding=\"async\" width=\"250\" height=\"37\" src=\"https:\/\/www.htlwien10.at\/edu\/wp-content\/uploads\/2022\/01\/StadtWien-1.png\" alt=\"\" class=\"wp-image-4025 size-full\"\/><\/figure><\/div>\n\n\n\n<p><strong>4.3. Vertreter des \u00d6sterreichischen Gewerkschaftsbundes:<\/strong><\/p>\n\n\n\n<p><strong>4.4. Vertreter des Verbandes \u00d6sterreichischer Ingenieure:<\/strong><\/p>\n\n\n\n<div class=\"wp-block-media-text alignwide has-media-on-the-right is-stacked-on-mobile\" style=\"grid-template-columns:auto 30%\"><div class=\"wp-block-media-text__content\">\n<p>Mitglied:<br>DI Mag. Dr. Peter SITTLER<br>Pr\u00e4sident<br>V\u00d6I Landesgruppe Wien\/Bgld.<\/p>\n\n\n\n<p>Ersatzmitglied:<br>Ing. Roman WEIGL, MSc.<br>V\u00d6I Landesgruppe Wien\/Bgld.<\/p>\n<\/div><figure class=\"wp-block-media-text__media\"><img loading=\"lazy\" decoding=\"async\" width=\"300\" height=\"80\" src=\"https:\/\/www.htlwien10.at\/edu\/wp-content\/uploads\/2022\/06\/voi-300x80.png\" alt=\"\" class=\"wp-image-10302 size-medium\" srcset=\"https:\/\/www.htlwien10.at\/edu\/wp-content\/uploads\/2022\/06\/voi-300x80.png 300w, https:\/\/www.htlwien10.at\/edu\/wp-content\/uploads\/2022\/06\/voi.png 400w\" sizes=\"(max-width: 300px) 100vw, 300px\" \/><\/figure><\/div>\n\n\n\n<p><strong>4.5. Vertreter der \u00f6sterreichischen Wirtschaft:<\/strong><\/p>\n\n\n\n<div class=\"wp-block-media-text alignwide has-media-on-the-right is-stacked-on-mobile\" style=\"grid-template-columns:auto 25%\"><div class=\"wp-block-media-text__content\">\n<p>Mitglied:<br>Dipl.-Ing. Mario LEITNER<br>Wiener Netze GmbH<\/p>\n<\/div><figure class=\"wp-block-media-text__media\"><img loading=\"lazy\" decoding=\"async\" width=\"300\" height=\"124\" src=\"https:\/\/www.htlwien10.at\/edu\/wp-content\/uploads\/2022\/06\/wiener_netze-300x124.png\" alt=\"\" class=\"wp-image-10292 size-medium\" srcset=\"https:\/\/www.htlwien10.at\/edu\/wp-content\/uploads\/2022\/06\/wiener_netze-300x124.png 300w, https:\/\/www.htlwien10.at\/edu\/wp-content\/uploads\/2022\/06\/wiener_netze.png 391w\" sizes=\"(max-width: 300px) 100vw, 300px\" \/><\/figure><\/div>\n\n\n\n<div class=\"wp-block-media-text alignwide has-media-on-the-right is-stacked-on-mobile\" style=\"grid-template-columns:auto 25%\"><div class=\"wp-block-media-text__content\">\n<p>Mitglied:<br>Gesch\u00e4ftsf\u00fchrer<br>Dipl.-Ing. Roman BEYERKNECHT<br>Nuclear Engineering Seibersdorf GmbH<\/p>\n<\/div><figure class=\"wp-block-media-text__media\"><img loading=\"lazy\" decoding=\"async\" width=\"300\" height=\"88\" src=\"https:\/\/www.htlwien10.at\/edu\/wp-content\/uploads\/2022\/01\/nes-sharing-300x88.jpg\" alt=\"\" class=\"wp-image-4029 size-medium\" srcset=\"https:\/\/www.htlwien10.at\/edu\/wp-content\/uploads\/2022\/01\/nes-sharing-300x88.jpg 300w, https:\/\/www.htlwien10.at\/edu\/wp-content\/uploads\/2022\/01\/nes-sharing-1024x302.jpg 1024w, https:\/\/www.htlwien10.at\/edu\/wp-content\/uploads\/2022\/01\/nes-sharing-768x226.jpg 768w, https:\/\/www.htlwien10.at\/edu\/wp-content\/uploads\/2022\/01\/nes-sharing.jpg 1080w\" sizes=\"(max-width: 300px) 100vw, 300px\" \/><\/figure><\/div>\n\n\n\n<div class=\"wp-block-media-text alignwide has-media-on-the-right is-stacked-on-mobile\" style=\"grid-template-columns:auto 25%\"><div class=\"wp-block-media-text__content\">\n<p>Mitglied:<br>Mag. Martin AMOR<br>Industriellenvereinigung Wien<\/p>\n<\/div><figure class=\"wp-block-media-text__media\"><img loading=\"lazy\" decoding=\"async\" width=\"1024\" height=\"250\" src=\"https:\/\/www.htlwien10.at\/edu\/wp-content\/uploads\/2025\/10\/Logo_W_iv-1024x250.jpg\" alt=\"\" class=\"wp-image-22529 size-medium\" srcset=\"https:\/\/www.htlwien10.at\/edu\/wp-content\/uploads\/2025\/10\/Logo_W_iv-1024x250.jpg 1024w, https:\/\/www.htlwien10.at\/edu\/wp-content\/uploads\/2025\/10\/Logo_W_iv-300x73.jpg 300w, https:\/\/www.htlwien10.at\/edu\/wp-content\/uploads\/2025\/10\/Logo_W_iv-768x187.jpg 768w, https:\/\/www.htlwien10.at\/edu\/wp-content\/uploads\/2025\/10\/Logo_W_iv.jpg 1147w\" sizes=\"(max-width: 1024px) 100vw, 1024px\" \/><\/figure><\/div>\n\n\n\n<div class=\"wp-block-media-text alignwide has-media-on-the-right is-stacked-on-mobile\" style=\"grid-template-columns:auto 35%\"><div class=\"wp-block-media-text__content\">\n<p>Mitglied:<br>Ing. Marcus SCHELLERER<br>Rittal GmbH<\/p>\n<\/div><figure class=\"wp-block-media-text__media\"><img loading=\"lazy\" decoding=\"async\" width=\"300\" height=\"84\" src=\"https:\/\/www.htlwien10.at\/edu\/wp-content\/uploads\/2022\/06\/rittal-300x84.png\" alt=\"\" class=\"wp-image-10298 size-medium\" srcset=\"https:\/\/www.htlwien10.at\/edu\/wp-content\/uploads\/2022\/06\/rittal-300x84.png 300w, https:\/\/www.htlwien10.at\/edu\/wp-content\/uploads\/2022\/06\/rittal.png 380w\" sizes=\"(max-width: 300px) 100vw, 300px\" \/><\/figure><\/div>\n\n\n\n<div class=\"wp-block-media-text alignwide has-media-on-the-right is-stacked-on-mobile\" style=\"grid-template-columns:auto 33%\"><div class=\"wp-block-media-text__content\">\n<p>Mitglied: <br>Vorstandsdirektor<br>Dipl.-Ing. (FH) Martin KOHLMAIER<br>ABB AG <\/p>\n\n\n\n<p>Ersatzmitglied:<br>Ing. Wolfgang-Johannes SVOBODA<br>ABB AG<br> <\/p>\n<\/div><figure class=\"wp-block-media-text__media\"><img loading=\"lazy\" decoding=\"async\" width=\"300\" height=\"40\" src=\"https:\/\/www.htlwien10.at\/edu\/wp-content\/uploads\/2022\/06\/abb-300x40.png\" alt=\"\" class=\"wp-image-10300 size-medium\" srcset=\"https:\/\/www.htlwien10.at\/edu\/wp-content\/uploads\/2022\/06\/abb-300x40.png 300w, https:\/\/www.htlwien10.at\/edu\/wp-content\/uploads\/2022\/06\/abb.png 350w\" sizes=\"(max-width: 300px) 100vw, 300px\" \/><\/figure><\/div>\n\n\n\n<div class=\"wp-block-media-text alignwide has-media-on-the-right is-stacked-on-mobile\" style=\"grid-template-columns:auto 25%\"><div class=\"wp-block-media-text__content\">\n<p>Mitglied:<br>Ing. Markus WALLPACH<br>Xylem Water Solutions Austria GmbH<\/p>\n<\/div><figure class=\"wp-block-media-text__media\"><img loading=\"lazy\" decoding=\"async\" width=\"250\" height=\"89\" src=\"https:\/\/www.htlwien10.at\/edu\/wp-content\/uploads\/2022\/01\/xylem.png\" alt=\"\" class=\"wp-image-4033 size-full\"\/><\/figure><\/div>\n\n\n\n<div class=\"wp-block-media-text alignwide has-media-on-the-right is-stacked-on-mobile\" style=\"grid-template-columns:auto 26%\"><div class=\"wp-block-media-text__content\">\n<p>Mitglied:<br>Marianne FENNES<br>Mettler-Toledo GmbH<\/p>\n<\/div><figure class=\"wp-block-media-text__media\"><img loading=\"lazy\" decoding=\"async\" width=\"391\" height=\"206\" src=\"https:\/\/www.htlwien10.at\/edu\/wp-content\/uploads\/2022\/03\/logo_mettler_toledo-1.jpg\" alt=\"\" class=\"wp-image-7488 size-full\" srcset=\"https:\/\/www.htlwien10.at\/edu\/wp-content\/uploads\/2022\/03\/logo_mettler_toledo-1.jpg 391w, https:\/\/www.htlwien10.at\/edu\/wp-content\/uploads\/2022\/03\/logo_mettler_toledo-1-300x158.jpg 300w\" sizes=\"(max-width: 391px) 100vw, 391px\" \/><\/figure><\/div>\n\n\n\n<div class=\"wp-block-group alignwide is-layout-flow\"><div class=\"wp-block-group__inner-container\">\n<div class=\"wp-block-media-text alignwide has-media-on-the-right is-stacked-on-mobile\" style=\"grid-template-columns:auto 25%\"><div class=\"wp-block-media-text__content\">\n<p>Mitglied:<br>Ing. Simon KIZIL<br>\u00d6sterreichische Post AG<\/p>\n<\/div><figure class=\"wp-block-media-text__media\"><img loading=\"lazy\" decoding=\"async\" width=\"224\" height=\"100\" src=\"https:\/\/www.htlwien10.at\/edu\/wp-content\/uploads\/2022\/01\/post.png\" alt=\"\" class=\"wp-image-4038 size-full\"\/><\/figure><\/div>\n\n\n\n<div class=\"wp-block-media-text alignwide has-media-on-the-right is-stacked-on-mobile\" style=\"grid-template-columns:auto 25%\"><div class=\"wp-block-media-text__content\">\n<p>Mitglied:<br>Christina B\u00c4RNAT<br>Schrack Technik GmbH<\/p>\n\n\n\n<p>Ersatzmitglied:<br>Matthias CSERNY<br>Schrack Technik GmbH<br> <\/p>\n<\/div><figure class=\"wp-block-media-text__media\"><img loading=\"lazy\" decoding=\"async\" width=\"300\" height=\"67\" src=\"https:\/\/www.htlwien10.at\/edu\/wp-content\/uploads\/2022\/06\/schrack_technik-300x67.png\" alt=\"\" class=\"wp-image-10295 size-medium\" srcset=\"https:\/\/www.htlwien10.at\/edu\/wp-content\/uploads\/2022\/06\/schrack_technik-300x67.png 300w, https:\/\/www.htlwien10.at\/edu\/wp-content\/uploads\/2022\/06\/schrack_technik.png 381w\" sizes=\"(max-width: 300px) 100vw, 300px\" \/><\/figure><\/div>\n\n\n\n<div class=\"wp-block-media-text alignwide has-media-on-the-right is-stacked-on-mobile\" style=\"grid-template-columns:auto 25%\"><div class=\"wp-block-media-text__content\">\n<p>Mitglied:<br>DI Philipp JAHN<br>Robert Bosch AG<\/p>\n\n\n\n<p>Ersatzmitglied:<br>Marion LUNZER<br>Robert Bosch AG<\/p>\n<\/div><figure class=\"wp-block-media-text__media\"><img loading=\"lazy\" decoding=\"async\" width=\"346\" height=\"146\" src=\"https:\/\/www.htlwien10.at\/edu\/wp-content\/uploads\/2022\/05\/logo_bosch.png\" alt=\"\" class=\"wp-image-9007 size-full\" srcset=\"https:\/\/www.htlwien10.at\/edu\/wp-content\/uploads\/2022\/05\/logo_bosch.png 346w, https:\/\/www.htlwien10.at\/edu\/wp-content\/uploads\/2022\/05\/logo_bosch-300x127.png 300w\" sizes=\"(max-width: 346px) 100vw, 346px\" \/><\/figure><\/div>\n<\/div><\/div>\n\n\n\n<div class=\"wp-block-media-text alignwide has-media-on-the-right is-stacked-on-mobile\" style=\"grid-template-columns:auto 25%\"><div class=\"wp-block-media-text__content\">\n<p>Mitglied:<br>Ing. G\u00fcnther H\u00d6FINGER<br>main technische dienstleistung gmbh<\/p>\n\n\n\n<p>Ersatzmitglied:<br>Doris KRENN<br>main technische dienstleistung gmbh<br><\/p>\n<\/div><figure class=\"wp-block-media-text__media\"><img loading=\"lazy\" decoding=\"async\" width=\"308\" height=\"116\" src=\"https:\/\/www.htlwien10.at\/edu\/wp-content\/uploads\/2022\/06\/main.jpg\" alt=\"\" class=\"wp-image-9195 size-full\" srcset=\"https:\/\/www.htlwien10.at\/edu\/wp-content\/uploads\/2022\/06\/main.jpg 308w, https:\/\/www.htlwien10.at\/edu\/wp-content\/uploads\/2022\/06\/main-300x113.jpg 300w\" sizes=\"(max-width: 308px) 100vw, 308px\" \/><\/figure><\/div>\n\n\n\n<div class=\"wp-block-media-text alignwide has-media-on-the-right is-stacked-on-mobile\" style=\"grid-template-columns:auto 25%\"><div class=\"wp-block-media-text__content\">\n<p>Mitglied:<br>Lara H\u00f6gerl, BA<br>APLEONA HSG GmbH<\/p>\n\n\n\n<p>Ersatzmitglied:<br>Andrea BREINH\u00d6LDER<br>APLEONA HSG GmbH<br><\/p>\n<\/div><figure class=\"wp-block-media-text__media\"><img loading=\"lazy\" decoding=\"async\" width=\"300\" height=\"51\" src=\"https:\/\/www.htlwien10.at\/edu\/wp-content\/uploads\/2022\/06\/logo_apleona-300x51.png\" alt=\"\" class=\"wp-image-10361 size-medium\" srcset=\"https:\/\/www.htlwien10.at\/edu\/wp-content\/uploads\/2022\/06\/logo_apleona-300x51.png 300w, https:\/\/www.htlwien10.at\/edu\/wp-content\/uploads\/2022\/06\/logo_apleona.png 391w\" sizes=\"(max-width: 300px) 100vw, 300px\" \/><\/figure><\/div>\n\n\n\n<div class=\"wp-block-media-text alignwide has-media-on-the-right is-stacked-on-mobile\" style=\"grid-template-columns:auto 25%\"><div class=\"wp-block-media-text__content\">\n<p>Mitglied:<br>Ing. Gerhard HOLZER<br>BECKHOFF Automation GmbH<\/p>\n\n\n\n<p>Ersatzmitglied:<br>Ing. Walter EICHNER, MBA<br>BECKHOFF Automation GmbH<br><\/p>\n<\/div><figure class=\"wp-block-media-text__media\"><img loading=\"lazy\" decoding=\"async\" width=\"1024\" height=\"195\" src=\"https:\/\/www.htlwien10.at\/edu\/wp-content\/uploads\/2024\/12\/Beckhoff_Logo.svg_-1024x195.png\" alt=\"\" class=\"wp-image-19745 size-medium\" srcset=\"https:\/\/www.htlwien10.at\/edu\/wp-content\/uploads\/2024\/12\/Beckhoff_Logo.svg_-1024x195.png 1024w, https:\/\/www.htlwien10.at\/edu\/wp-content\/uploads\/2024\/12\/Beckhoff_Logo.svg_-300x57.png 300w, https:\/\/www.htlwien10.at\/edu\/wp-content\/uploads\/2024\/12\/Beckhoff_Logo.svg_-768x146.png 768w, https:\/\/www.htlwien10.at\/edu\/wp-content\/uploads\/2024\/12\/Beckhoff_Logo.svg_.png 1200w\" sizes=\"(max-width: 1024px) 100vw, 1024px\" \/><\/figure><\/div>\n\n\n\n<div class=\"wp-block-file\"><a id=\"wp-block-file--media-7b22af7c-5adf-4061-87c3-c2e95c21a0f1\" href=\"https:\/\/www.htlwien10.at\/edu\/wp-content\/uploads\/2022\/01\/kuratorium_satzungen.pdf\" target=\"_blank\" rel=\"noreferrer noopener\">Satzungen<\/a><a href=\"https:\/\/www.htlwien10.at\/edu\/wp-content\/uploads\/2022\/01\/kuratorium_satzungen.pdf\" class=\"wp-block-file__button wp-element-button\" download aria-describedby=\"wp-block-file--media-7b22af7c-5adf-4061-87c3-c2e95c21a0f1\">Herunterladen<\/a><\/div>\n\n\n\n<div class=\"wp-block-file\"><a id=\"wp-block-file--media-58a8d595-d294-4568-97f6-df925a98d4c3\" href=\"https:\/\/www.htlwien10.at\/edu\/wp-content\/uploads\/2022\/01\/kuratorium_geschaeftsordnung.pdf\" target=\"_blank\" rel=\"noreferrer noopener\">Gesch\u00e4ftsordnung<\/a><a href=\"https:\/\/www.htlwien10.at\/edu\/wp-content\/uploads\/2022\/01\/kuratorium_geschaeftsordnung.pdf\" class=\"wp-block-file__button wp-element-button\" download aria-describedby=\"wp-block-file--media-58a8d595-d294-4568-97f6-df925a98d4c3\">Herunterladen<\/a><\/div>\n\n\n\n<div class=\"wp-block-file\"><a id=\"wp-block-file--media-814012a3-8ee1-4034-a86a-1a02e334de86\" href=\"https:\/\/www.htlwien10.at\/edu\/wp-content\/uploads\/2022\/01\/kuratorium_fondsordnung.pdf\" target=\"_blank\" rel=\"noreferrer noopener\">Fondsordnung<\/a><a href=\"https:\/\/www.htlwien10.at\/edu\/wp-content\/uploads\/2022\/01\/kuratorium_fondsordnung.pdf\" class=\"wp-block-file__button wp-element-button\" download aria-describedby=\"wp-block-file--media-814012a3-8ee1-4034-a86a-1a02e334de86\">Herunterladen<\/a><\/div>\n","protected":false},"excerpt":{"rendered":"<p>Kuratoriuman der H\u00f6heren Technischen Bundeslehranstalt Wien 101100 Wien, Ettenreichgasse 54 Das Kuratorium ist eine Einrichtung der Zusammenarbeit im Rahmen der erweiterten Schulgemeinschaft zur Pflege und F\u00f6rderung der zwischen den berufsbildenden Schulen und dem Wirtschaftsleben notwendigen engen Verbindung. Funktion\u00e4re des Kuratoriums Pr\u00e4sident: Gesch\u00e4ftsf\u00fchrerDipl.-Ing. Roman BEYERKNECHTNuclear Engineering Seibersdorf GmbH Vizepr\u00e4sident: VorstandsdirektorDipl.-Ing. (FH) Martin KOHLMAIERABB AG Gesch\u00e4ftsf\u00fchrer: Mag. [&hellip;]<\/p>\n","protected":false},"author":2,"featured_media":0,"parent":0,"menu_order":0,"comment_status":"closed","ping_status":"closed","template":"","meta":[],"_links":{"self":[{"href":"https:\/\/www.htlwien10.at\/edu\/index.php\/wp-json\/wp\/v2\/pages\/4002"}],"collection":[{"href":"https:\/\/www.htlwien10.at\/edu\/index.php\/wp-json\/wp\/v2\/pages"}],"about":[{"href":"https:\/\/www.htlwien10.at\/edu\/index.php\/wp-json\/wp\/v2\/types\/page"}],"author":[{"embeddable":true,"href":"https:\/\/www.htlwien10.at\/edu\/index.php\/wp-json\/wp\/v2\/users\/2"}],"replies":[{"embeddable":true,"href":"https:\/\/www.htlwien10.at\/edu\/index.php\/wp-json\/wp\/v2\/comments?post=4002"}],"version-history":[{"count":58,"href":"https:\/\/www.htlwien10.at\/edu\/index.php\/wp-json\/wp\/v2\/pages\/4002\/revisions"}],"predecessor-version":[{"id":22530,"href":"https:\/\/www.htlwien10.at\/edu\/index.php\/wp-json\/wp\/v2\/pages\/4002\/revisions\/22530"}],"wp:attachment":[{"href":"https:\/\/www.htlwien10.at\/edu\/index.php\/wp-json\/wp\/v2\/media?parent=4002"}],"curies":[{"name":"wp","href":"https:\/\/api.w.org\/{rel}","templated":true}]}}