{"id":58,"date":"2021-03-20T15:12:39","date_gmt":"2021-03-20T14:12:39","guid":{"rendered":"http:\/\/vds24.htlw10.at\/edu\/?page_id=58"},"modified":"2024-09-16T10:13:54","modified_gmt":"2024-09-16T08:13:54","slug":"bildungsberatung","status":"publish","type":"page","link":"https:\/\/www.htlwien10.at\/edu\/index.php\/bildungsberatung\/","title":{"rendered":"Bildungsberatung"},"content":{"rendered":"\n<p>Die Bildungsberatung ist eine Serviceeinrichtung f\u00fcr alle Sch\u00fcler_innen und deren Eltern bei Fragen zur Ausbildung und schulischen Problemen.<\/p>\n\n\n\n<h3 class=\"wp-block-heading\">Angebot f\u00fcr zuk\u00fcnftige Sch\u00fcler_innen und Eltern<\/h3>\n\n\n\n<ul>\n<li>Information \u00fcber das Ausbildungsangebot an der HTL Wien 10<\/li>\n<\/ul>\n\n\n\n<h3 class=\"wp-block-heading\">Angebot f\u00fcr Sch\u00fcler_innen und Eltern<\/h3>\n\n\n\n<ul>\n<li><strong>Beratung<\/strong> bei schulischen Problemen oder bei pers\u00f6nlichen Problemen, die sich auf die Leistungen auswirken.&nbsp;<\/li>\n\n\n\n<li><a rel=\"noopener\" href=\"https:\/\/www.htlwien10.at\/edu\/wp-content\/uploads\/2022\/01\/bib_lerntipps.pdf\" target=\"_blank\">Lerntipps<\/a><\/li>\n\n\n\n<li>Wir vermitteln Sch\u00fcler_innen aus h\u00f6heren Klassen oder Absolvent_innen, die gegen geringes Entgelt <strong>Nachhilfe<\/strong> anbieten.<\/li>\n\n\n\n<li>Hilfe bei Entscheidungen zur Schullaufbahn (Schulabbruch, \u00dcbertritt in eine andere Ausbildung, etc.) und Infos zu Beruf und Weiterbildung<\/li>\n\n\n\n<li><strong>Schulpsychologische Beratung<\/strong> wird von der Bildungdirektion f\u00fcr Sch\u00fcler_innen und Eltern angeboten. Infos unter <a href=\"https:\/\/www.htlwien10.at\/edu\/index.php\/kontakt\/\">Kontakt<\/a>, am Aushang beim Portier und in der Aula und <a rel=\"noreferrer noopener\" href=\"https:\/\/www.htlwien10.at\/edu\/wp-content\/uploads\/2023\/09\/Info_Schulpsychologie_20232024.pdf\" target=\"_blank\">hier<\/a><\/li>\n\n\n\n<li><strong>JugendCoaching<\/strong> f\u00fcr Sch\u00fclerinnen und Sch\u00fcler <strong>jeden Mittwoch und Freitag<\/strong> im Zimmer W224. Terminreservierung per SMS erbeten! Infos, Termine und Kontaktdaten der Jugendcoaches unter <a href=\"https:\/\/www.htlwien10.at\/edu\/index.php\/kontakt\/\">Kontakt<\/a>, am Aushang beim Portier und in der Aula<\/li>\n\n\n\n<li>Aktuelle Infos im <a rel=\"noopener\" href=\"https:\/\/htlwien10.sharepoint.com\/sites\/HTLWien10Students\/SitePages\/IT-Services.aspx\" target=\"_blank\">Intranet Studierende<\/a> &gt; Bildungsberatung<\/li>\n<\/ul>\n\n\n\n<h3 class=\"wp-block-heading\">Information f\u00fcr zuk\u00fcnftige Absolvent_innen<\/h3>\n\n\n\n<ul>\n<li>Studien- und Berufsberatung<\/li>\n\n\n\n<li>Studienrichtungen an Universit\u00e4ten und Fachhochschulen<\/li>\n\n\n\n<li>Informationsmaterial wird beim Bildungsberatungsstand in der Aula aufgelegt <br>und\/oder im <a rel=\"noopener\" href=\"https:\/\/htlwien10.sharepoint.com\/sites\/HTLWien10Students\/SitePages\/IT-Services.aspx\" target=\"_blank\">Intranet Studierende<\/a> &gt; Bildungsberatung ver\u00f6ffentlicht<\/li>\n\n\n\n<li>Info: <a rel=\"noreferrer noopener\" href=\"https:\/\/www.htlwien10.at\/edu\/wp-content\/uploads\/2022\/05\/Folder_Wie_-finanziere_ich_mein_Studium.pdf\" target=\"_blank\">&#8222;Wie finanziere ich mein Studium?&#8220;<\/a> <\/li>\n<\/ul>\n\n\n\n<h3 class=\"wp-block-heading\">Beruf und Ferialpraxis<\/h3>\n\n\n\n<ul>\n<li>Auskunft bei Fragen zur Ferialpraxis<\/li>\n\n\n\n<li>Jobangebote (Lehrstellen, Angebote f\u00fcr Absolventen, Ferialjobs) gibt es am <br>Bildungsberatungsstand in der Aula und\/oder unter <a rel=\"noopener\" href=\"https:\/\/htlwien10.sharepoint.com\/sites\/HTLWien10Students\/SitePages\/IT-Services.aspx\" target=\"_blank\">Intranet Studierende<\/a> &gt; Bildungsberatung<\/li>\n\n\n\n<li>Wie bewerbe ich mich richtig &#8211; Tipps f\u00fcr Bewerbungen: <a rel=\"noopener\" href=\"https:\/\/htlwien10.sharepoint.com\/sites\/HTLWien10Students\/SitePages\/IT-Services.aspx\" target=\"_blank\">Intranet Studierende<\/a> &gt; Bildungsberatung<\/li>\n\n\n\n<li>Firmenmesse an der HTL Wien 10: Ausstellerverzeichnis im <a rel=\"noopener\" href=\"https:\/\/htlwien10.sharepoint.com\/sites\/HTLWien10Students\/SitePages\/IT-Services.aspx\" target=\"_blank\">Intranet Studierende<\/a> &gt; Bildungsberatung<\/li>\n\n\n\n<li><a rel=\"noopener\" href=\"https:\/\/www.waff.at\/\" target=\"_blank\">Lehrstellen finden <\/a>(waff)<\/li>\n\n\n\n<li>&#8222;<a rel=\"noopener\" href=\"https:\/\/de-de.facebook.com\/kuemmernummer\" target=\"_blank\">K\u00fcmmer-Nummer f\u00fcr Lehre und Beruf<\/a>&#8222;: Die Berater_innen dieser kostenlosen Hotline 0800\/202022 der Stadt Wien helfen Jugendlichen bei Fragen<\/li>\n<\/ul>\n\n\n\n<h3 class=\"wp-block-heading\">Beratungsstellen, Notrufnummern<\/h3>\n\n\n\n<ul>\n<li><a href=\"http:\/\/www.kija.at\/\" target=\"_blank\" rel=\"noreferrer noopener\">Kinder- und Jugendanwaltschaft<\/a><\/li>\n\n\n\n<li><a href=\"http:\/\/www.schulpsychologie.at\/bildungsinformation\/\" target=\"_blank\" rel=\"noreferrer noopener\">Schulpsychologische Beratung<\/a><\/li>\n\n\n\n<li><a href=\"http:\/\/sozialinfo.wien.gv.at\/\" target=\"_blank\" rel=\"noreferrer noopener\">sozial.info.wien (Notrufe und Telefonberatung)<\/a><\/li>\n\n\n\n<li><a href=\"https:\/\/www.bmi.gv.at\/Notrufnummern\/start.aspx\" target=\"_blank\" rel=\"noreferrer noopener\">Notrufnummern<\/a> (B.M.I.)<\/li>\n<\/ul>\n\n\n\n<h3 class=\"wp-block-heading\">Team der Bildungsberatung<\/h3>\n\n\n\n<p>Prof. MMag. Christina Neum\u00fcller und Prof. Dipl.-Ing. Peter Thurner<\/p>\n\n\n\n<p>Erreichbar sind wir pers\u00f6nlich (z.B. in der Sprechstunde) oder<br>per Email: bildungsberatung[at]htlwien10.at<\/p>\n","protected":false},"excerpt":{"rendered":"<p>Die Bildungsberatung ist eine Serviceeinrichtung f\u00fcr alle Sch\u00fcler_innen und deren Eltern bei Fragen zur Ausbildung und schulischen Problemen. Angebot f\u00fcr zuk\u00fcnftige Sch\u00fcler_innen und Eltern Angebot f\u00fcr Sch\u00fcler_innen und Eltern Information f\u00fcr zuk\u00fcnftige Absolvent_innen Beruf und Ferialpraxis Beratungsstellen, Notrufnummern Team der Bildungsberatung Prof. MMag. Christina Neum\u00fcller und Prof. Dipl.-Ing. Peter Thurner Erreichbar sind wir pers\u00f6nlich (z.B. [&hellip;]<\/p>\n","protected":false},"author":1,"featured_media":0,"parent":0,"menu_order":0,"comment_status":"closed","ping_status":"closed","template":"","meta":[],"_links":{"self":[{"href":"https:\/\/www.htlwien10.at\/edu\/index.php\/wp-json\/wp\/v2\/pages\/58"}],"collection":[{"href":"https:\/\/www.htlwien10.at\/edu\/index.php\/wp-json\/wp\/v2\/pages"}],"about":[{"href":"https:\/\/www.htlwien10.at\/edu\/index.php\/wp-json\/wp\/v2\/types\/page"}],"author":[{"embeddable":true,"href":"https:\/\/www.htlwien10.at\/edu\/index.php\/wp-json\/wp\/v2\/users\/1"}],"replies":[{"embeddable":true,"href":"https:\/\/www.htlwien10.at\/edu\/index.php\/wp-json\/wp\/v2\/comments?post=58"}],"version-history":[{"count":86,"href":"https:\/\/www.htlwien10.at\/edu\/index.php\/wp-json\/wp\/v2\/pages\/58\/revisions"}],"predecessor-version":[{"id":18681,"href":"https:\/\/www.htlwien10.at\/edu\/index.php\/wp-json\/wp\/v2\/pages\/58\/revisions\/18681"}],"wp:attachment":[{"href":"https:\/\/www.htlwien10.at\/edu\/index.php\/wp-json\/wp\/v2\/media?parent=58"}],"curies":[{"name":"wp","href":"https:\/\/api.w.org\/{rel}","templated":true}]}}